{"id":106,"date":"2008-07-14T17:31:52","date_gmt":"2008-07-14T15:31:52","guid":{"rendered":"http:\/\/www.drk-elkenroth.de\/?page_id=106"},"modified":"2017-12-12T08:38:46","modified_gmt":"2017-12-12T07:38:46","slug":"spende","status":"publish","type":"page","link":"http:\/\/www.drk-elkenroth.de\/?page_id=106","title":{"rendered":"Spende"},"content":{"rendered":"<p align=\"justify\"><img loading=\"lazy\" decoding=\"async\" class=\" size-full wp-image-104\" src=\"http:\/\/www.drk-elkenroth.de\/wp-content\/uploads\/drk-banner-spende.jpg\" alt=\" \" width=\"600\" height=\"94\" srcset=\"http:\/\/www.drk-elkenroth.de\/wp-content\/uploads\/drk-banner-spende.jpg 600w, http:\/\/www.drk-elkenroth.de\/wp-content\/uploads\/drk-banner-spende-300x47.jpg 300w\" sizes=\"(max-width: 600px) 100vw, 600px\" \/><\/p>\n<p align=\"justify\">Wenn Sie unseren Ortsverein durch eine Spende untst\u00fctzen m\u00f6chten, benutzen Sie bitte folgende Bankverbindung:<\/p>\n<table border=\"0\">\n<tbody>\n<tr>\n<td>Bank:<\/td>\n<td><b>Volksbank Gebhardshain<\/b><\/td>\n<\/tr>\n<tr>\n<td>IBAN:<\/td>\n<td><strong>DE10573614760000161613<\/strong><\/td>\n<\/tr>\n<tr>\n<td>BIC:<\/td>\n<td><strong>GENODED1GBS<\/strong><\/td>\n<\/tr>\n<tr>\n<td>Kontoinhaber:<\/td>\n<td><strong>DRK Ortsverein Gebhardshain e. V.<\/strong><\/td>\n<\/tr>\n<\/tbody>\n<\/table>\n<p align=\"justify\"><img loading=\"lazy\" decoding=\"async\" class=\" alignright size-full wp-image-105\" title=\"Vielen Dank f\u00fcr Ihre Spende!\" src=\"http:\/\/www.drk-elkenroth.de\/wp-content\/uploads\/spende.jpg\" alt=\" \" width=\"150\" height=\"107\" align=\"right\" hspace=\"5\" vspace=\"5\" \/><\/p>\n<p align=\"justify\">Sie bekommen nat\u00fcrlich eine\u00a0Spendenquittung ausgestellt, die Sie steuerlich geltend machen k\u00f6nnen. Mit Ihrer Spende helfen Sie, die Arbeit unseres Ortsvereins zu unterst\u00fctzen. Ihre Spende kommt gezielt unserem Ortsverein zugute, z. B. f\u00fcr die Unterhaltung unserer Unterkunft und unserer Fahrzeuge, Anschaffung von Einsatzkleidung f\u00fcr unsere Helferinnen und Helfer, Unterhaltung und Anschaffung von Material, usw&#8230;<\/p>\n<p align=\"justify\">Falls Sie weitere Fragen haben, kontatieren Sie bitte unseren Schatzmeisterin per <a href=\"mailto:s.benner@drk-elkenroth.de\">E-Mail<\/a>\u00a0 oder rufen Sie Frau Benner tags\u00fcber unter der Telefonnummer 0151\/16541993 an.<\/p>\n<p align=\"justify\">Wir bedanken uns recht herzlich f\u00fcr Ihre Unterst\u00fctzung!<\/p>\n","protected":false},"excerpt":{"rendered":"<p>Wenn Sie unseren Ortsverein durch eine Spende untst\u00fctzen m\u00f6chten, benutzen Sie bitte folgende Bankverbindung: Bank: Volksbank Gebhardshain IBAN: DE10573614760000161613 BIC: GENODED1GBS Kontoinhaber: DRK Ortsverein Gebhardshain e. V. Sie bekommen nat\u00fcrlich eine\u00a0Spendenquittung ausgestellt, die Sie steuerlich geltend machen k\u00f6nnen. Mit Ihrer Spende helfen Sie, die Arbeit unseres Ortsvereins zu unterst\u00fctzen. Ihre<a href=\"http:\/\/www.drk-elkenroth.de\/?page_id=106\"><\/p>\n<p>mehr lesen&#8230;<\/a><\/p>\n","protected":false},"author":2,"featured_media":104,"parent":0,"menu_order":26,"comment_status":"closed","ping_status":"closed","template":"","meta":{"footnotes":""},"class_list":["post-106","page","type-page","status-publish","has-post-thumbnail","hentry"],"_links":{"self":[{"href":"http:\/\/www.drk-elkenroth.de\/index.php?rest_route=\/wp\/v2\/pages\/106"}],"collection":[{"href":"http:\/\/www.drk-elkenroth.de\/index.php?rest_route=\/wp\/v2\/pages"}],"about":[{"href":"http:\/\/www.drk-elkenroth.de\/index.php?rest_route=\/wp\/v2\/types\/page"}],"author":[{"embeddable":true,"href":"http:\/\/www.drk-elkenroth.de\/index.php?rest_route=\/wp\/v2\/users\/2"}],"replies":[{"embeddable":true,"href":"http:\/\/www.drk-elkenroth.de\/index.php?rest_route=%2Fwp%2Fv2%2Fcomments&post=106"}],"version-history":[{"count":8,"href":"http:\/\/www.drk-elkenroth.de\/index.php?rest_route=\/wp\/v2\/pages\/106\/revisions"}],"predecessor-version":[{"id":1399,"href":"http:\/\/www.drk-elkenroth.de\/index.php?rest_route=\/wp\/v2\/pages\/106\/revisions\/1399"}],"wp:featuredmedia":[{"embeddable":true,"href":"http:\/\/www.drk-elkenroth.de\/index.php?rest_route=\/wp\/v2\/media\/104"}],"wp:attachment":[{"href":"http:\/\/www.drk-elkenroth.de\/index.php?rest_route=%2Fwp%2Fv2%2Fmedia&parent=106"}],"curies":[{"name":"wp","href":"https:\/\/api.w.org\/{rel}","templated":true}]}}