{"id":13,"date":"2008-06-28T07:11:38","date_gmt":"2008-06-28T05:11:38","guid":{"rendered":"http:\/\/www.drk-elkenroth.de\/?page_id=13"},"modified":"2025-08-17T17:31:49","modified_gmt":"2025-08-17T15:31:49","slug":"sanitaetsdienst","status":"publish","type":"page","link":"http:\/\/www.drk-elkenroth.de\/?page_id=13","title":{"rendered":"Sanit\u00e4tsdienst"},"content":{"rendered":"<h4 align=\"justify\"><img loading=\"lazy\" decoding=\"async\" class=\" alignleft size-full wp-image-7\" src=\"http:\/\/www.drk-elkenroth.de\/wp-content\/uploads\/drk-banner-san-dienst.jpg\" alt=\" \" width=\"600\" height=\"94\" align=\"left\" hspace=\"5\" vspace=\"5\" srcset=\"http:\/\/www.drk-elkenroth.de\/wp-content\/uploads\/drk-banner-san-dienst.jpg 600w, http:\/\/www.drk-elkenroth.de\/wp-content\/uploads\/drk-banner-san-dienst-300x47.jpg 300w\" sizes=\"(max-width: 600px) 100vw, 600px\" \/><\/h4>\n<p>Unsere Helferinnen und Helfer\u00a0sind geschult in den Ma\u00dfnahmen der Ersten Hilfe und\u00a0sind\u00a0ausgebildete Sanit\u00e4terinnen und Sanit\u00e4ter. Ebenfalls geh\u00f6ren unserer Bereitschaft\u00a0examinierte Kr\u00e4fte aus dem Rettungsdienst und der Krankenpflege an.<\/p>\n<hr \/>\n<h4>F\u00fcr Sie als Veranstalter:<\/h4>\n<p align=\"justify\"><strong><u>Wann brauche ich einen Sanit\u00e4tsdienst?<\/u><\/strong><br \/>Ein Sanit\u00e4tsdienst ist erforderlich, wenn Sie gegen\u00fcber Ihren G\u00e4sten eine\u00a0sanit\u00e4tsdienstliche Betreuung w\u00fcnschen oder die Gr\u00f6\u00dfe der Veranstaltung dies\u00a0durch beh\u00f6rdliche Auflagen erfordert.<\/p>\n<p align=\"justify\"><strong><u>Wie\u00a0plane ich einen Sanit\u00e4tsdienst?<\/u><\/strong><br \/>Bitte f\u00fcllen Sie unser Dienstanforderungsformular so genau wie m\u00f6glich aus und senden Sie\u00a0dies mindestens 4 Wochen vor dem Termin an uns zur\u00fcck. Wir werden uns mit Ihnen sobald als m\u00f6glich in Verbindung setzen, um das weitere Vorgehen zu besprechen.<\/p>\n<p align=\"justify\"><strong><u>Was\u00a0kostet\u00a0mich ein Sanit\u00e4tsdienst?<\/u><\/strong><br \/>Die Sanit\u00e4tsdienste werden durch einen Aufwandsentsch\u00e4digung abgeleistet. Das Deutsche Rote Kreuz bildet seine ehrenamtlich t\u00e4tigen Helfer im Bereich des Sanit\u00e4ts-, Rettungs- \u00a0und Betreuungsdienstes aus. Jeder Helfer bekommt eine komplette Einsatzkleidung durch den Verein gestellt. Die Einsatzfahrzeuge werden durch Spenden und Sanit\u00e4tsdienste unterhalten und ggf. neu beschafft. Alle vorstehenden Informationen sollen Aufschluss dar\u00fcber geben, dass das Helfen und unb\u00fcrokratische Unterst\u00fctzen aller in Not geratenen Menschen durch die Hilfsorganisationen immer zum &#8222;Nulltarif&#8220; durch ehrenamtlich t\u00e4tige Helfer\/innen geleistet wird, das Handwerkszeug aber (Ausr\u00fcstung, Fahrzeuge, medizinisches\u00a0Equipment, etc.) gibt es jedoch\u00a0nicht umsonst und hat seinen Preis&#8230;<br \/>Wenn die Veranstaltung nicht kommerziell ist, gew\u00e4hren wir dem Veranstalter einen Rabatt auf unsere Personal- und Kfz-Kosten. Bitte sprechen Sie uns hierf\u00fcr im Vorfeld an!<\/p>\n<hr \/>\n<h4 align=\"justify\">Kosten\u00fcbersicht<\/h4>\n<p><span style=\"font-family: Arial; font-size: 12px;\"><u><strong>1. Qualifikation \/ Umfang des Sanit\u00e4tspersonals<br \/><\/strong><\/u>Die Anzahl und Qualifikation des Sanit\u00e4tspersonals wird nach Umfang und Gefahrenpotential der Veranstaltung und unter Ber\u00fccksichtigung von Erfahrungswerten durch das DRK festgesetzt.<\/span><\/p>\n<p><span style=\"font-family: Arial; font-size: 12px;\"><strong><u>2. Personalkosten<\/u><\/strong><\/span><\/p>\n<table border=\"1\">\n<tbody>\n<tr>\n<td>\u00a02.1<\/td>\n<td>Stundenpauschale<br \/>DRK Helfer<\/td>\n<td>\u00a0\u00a09,00 \u20ac\/h<\/td>\n<\/tr>\n<tr>\n<td>\u00a02.2<\/td>\n<td>Stundenpauschale<br \/>Arzt<\/td>\n<td>\u00a035,00 \u20ac\/h<\/td>\n<\/tr>\n<\/tbody>\n<\/table>\n<h3><strong><u>3. KFZ-Kosten<\/u><\/strong><\/h3>\n<table border=\"1\">\n<tbody>\n<tr>\n<td>\u00a03.1<\/td>\n<td>Tagespauschale<br \/>MTF (Mannschaftstransportfahrzeug)<\/td>\n<td>\u00a0\u00a0 50,00 \u20ac\/d<\/td>\n<\/tr>\n<tr>\n<td>\u00a03.2<\/td>\n<td>Tagespauschale<br \/>KTW (Krankentransportwagen)<\/td>\n<td>\u00a0\u00a0 80,00 \u20ac\/d<\/td>\n<\/tr>\n<tr>\n<td>\u00a03.3<\/td>\n<td>Tagespauschale<br \/>RTW (Rettungstransportwagen)<\/td>\n<td>\u00a0120,00 \u20ac\/d<\/td>\n<\/tr>\n<tr>\n<td>3.4<\/td>\n<td>Kilometerpauschale<br \/>ab 10 km Entfernung zum Einsatzort<\/td>\n<td>0,40 \u20ac\/km<\/td>\n<\/tr>\n<\/tbody>\n<\/table>\n<p align=\"justify\">Diese Kosten\u00fcbersicht wurde am 08.06.2017\u00a0durch die Bereitschaftsversammlung des Kreises Altenkirchen beschlossen.<\/p>\n<hr \/>\n<h4 align=\"justify\">Sanit\u00e4tsdienst anfordern<\/h4>\n<p align=\"justify\"><strong>Wenn Sie einen Sanit\u00e4tsdienst w\u00fcnschen, schicken Sie uns bitte eine Dienstanforderung:<\/strong><\/p>\n<table border=\"1\">\n<tbody>\n<tr>\n<td>\u00a0Anforderung eines Sanit\u00e4tsdienstes<\/td>\n<td><a href=\"http:\/\/www.drk-elkenroth.de\/wp-content\/uploads\/dienstanforderung.doc\" target=\"_blank\" rel=\"noopener\"><img loading=\"lazy\" decoding=\"async\" class=\"alignnone wp-image-9\" title=\"Dienstanforderung (Word-Formular) zum ausf\u00fcllen am PC\" src=\"http:\/\/www.drk-elkenroth.de\/wp-content\/uploads\/symbol-word.gif\" alt=\" \" width=\"40\" height=\"40\" hspace=\"2\" vspace=\"2\" \/><\/a><\/td>\n<td><a href=\"http:\/\/www.drk-elkenroth.de\/wp-content\/uploads\/dienstanforderung-pdf.pdf\" target=\"_blank\" rel=\"noopener\"><img loading=\"lazy\" decoding=\"async\" class=\"alignnone wp-image-11\" title=\"Dienstanforderung (PDF) zum ausdrucken und handschriftlichem ausf\u00fcllen\" src=\"http:\/\/www.drk-elkenroth.de\/wp-content\/uploads\/symbol-pdf.gif\" alt=\" \" width=\"40\" height=\"40\" hspace=\"2\" vspace=\"2\" \/><\/a><\/td>\n<\/tr>\n<tr>\n<td>\u00a0Rahmenbedingungen Sanit\u00e4tsdienst<\/td>\n<td>\u00a0<\/td>\n<td><a href=\"http:\/\/www.drk-elkenroth.de\/wp-content\/uploads\/Richtlinien_SAN-Dienst.pdf\" target=\"_blank\" rel=\"noopener\"><img loading=\"lazy\" decoding=\"async\" class=\"alignnone wp-image-11\" title=\"Richtlinien Sanit\u00e4tsdienst\" src=\"http:\/\/www.drk-elkenroth.de\/wp-content\/uploads\/symbol-pdf.gif\" alt=\" \" width=\"40\" height=\"40\" hspace=\"2\" vspace=\"2\" \/><\/a><\/td>\n<\/tr>\n<\/tbody>\n<\/table>\n<p align=\"justify\">\u00a0Haben Sie noch Fragen? Dann wenden Sie sich bitte\u00a0an unsere Bereitschaftsleitung:<\/p>\n<p align=\"justify\">Bereitschaftsleiter:\u00a0 \u00a0 \u00a0 \u00a0 \u00a0 \u00a0 \u00a0 \u00a0 \u00a0 \u00a0 \u00a0 \u00a0 \u00a0 \u00a0 \u00a0 \u00a0 \u00a0 \u00a0 Marc Hannemann (0151\/5886978)<br \/>Stellv. Bereitschaftsleiter: \u00a0 \u00a0 \u00a0 \u00a0 \u00a0 \u00a0 \u00a0 \u00a0 \u00a0 \u00a0 \u00a0 \u00a0 Linus Weller \u00a0 \u00a0 (0151\/46549179)<\/p>\n<p align=\"justify\">Oder senden Sie uns eine E-Mail an\u00a0\u00a0\u00a0\u00a0\u00a0\u00a0\u00a0\u00a0<a href=\"mailto:Bereitschaftsleitung@drk-elkenroth.de\">Bereitschaftsleitung@drk-elkenroth.de<\/a><br \/>Wir setzen uns dann umgehend mit Ihnen in Verbindung.<\/p>\n\n\n<p><\/p>\n","protected":false},"excerpt":{"rendered":"<p>Unsere Helferinnen und Helfer\u00a0sind geschult in den Ma\u00dfnahmen der Ersten Hilfe und\u00a0sind\u00a0ausgebildete Sanit\u00e4terinnen und Sanit\u00e4ter. Ebenfalls geh\u00f6ren unserer Bereitschaft\u00a0examinierte Kr\u00e4fte aus dem Rettungsdienst und der Krankenpflege an. F\u00fcr Sie als Veranstalter: Wann brauche ich einen Sanit\u00e4tsdienst?Ein Sanit\u00e4tsdienst ist erforderlich, wenn Sie gegen\u00fcber Ihren G\u00e4sten eine\u00a0sanit\u00e4tsdienstliche Betreuung w\u00fcnschen oder die Gr\u00f6\u00dfe<a href=\"http:\/\/www.drk-elkenroth.de\/?page_id=13\"><\/p>\n<p>mehr lesen&#8230;<\/a><\/p>\n","protected":false},"author":2,"featured_media":7,"parent":0,"menu_order":8,"comment_status":"closed","ping_status":"closed","template":"","meta":{"footnotes":""},"class_list":["post-13","page","type-page","status-publish","has-post-thumbnail","hentry"],"_links":{"self":[{"href":"http:\/\/www.drk-elkenroth.de\/index.php?rest_route=\/wp\/v2\/pages\/13"}],"collection":[{"href":"http:\/\/www.drk-elkenroth.de\/index.php?rest_route=\/wp\/v2\/pages"}],"about":[{"href":"http:\/\/www.drk-elkenroth.de\/index.php?rest_route=\/wp\/v2\/types\/page"}],"author":[{"embeddable":true,"href":"http:\/\/www.drk-elkenroth.de\/index.php?rest_route=\/wp\/v2\/users\/2"}],"replies":[{"embeddable":true,"href":"http:\/\/www.drk-elkenroth.de\/index.php?rest_route=%2Fwp%2Fv2%2Fcomments&post=13"}],"version-history":[{"count":24,"href":"http:\/\/www.drk-elkenroth.de\/index.php?rest_route=\/wp\/v2\/pages\/13\/revisions"}],"predecessor-version":[{"id":2047,"href":"http:\/\/www.drk-elkenroth.de\/index.php?rest_route=\/wp\/v2\/pages\/13\/revisions\/2047"}],"wp:featuredmedia":[{"embeddable":true,"href":"http:\/\/www.drk-elkenroth.de\/index.php?rest_route=\/wp\/v2\/media\/7"}],"wp:attachment":[{"href":"http:\/\/www.drk-elkenroth.de\/index.php?rest_route=%2Fwp%2Fv2%2Fmedia&parent=13"}],"curies":[{"name":"wp","href":"https:\/\/api.w.org\/{rel}","templated":true}]}}