{"id":19,"date":"2008-07-01T18:12:27","date_gmt":"2008-07-01T16:12:27","guid":{"rendered":"http:\/\/www.drk-elkenroth.de\/?page_id=19"},"modified":"2026-03-01T01:02:51","modified_gmt":"2026-03-01T00:02:51","slug":"ansprechpartner","status":"publish","type":"page","link":"http:\/\/www.drk-elkenroth.de\/?page_id=19","title":{"rendered":"Ansprechpartner"},"content":{"rendered":"<h4><img loading=\"lazy\" decoding=\"async\" class=\" alignright size-full wp-image-16\" src=\"http:\/\/www.drk-elkenroth.de\/wp-content\/uploads\/drk-rundlogo_anim.gif\" alt=\" \" width=\"50\" height=\"50\" align=\"right\" hspace=\"5\" vspace=\"5\" \/>DRK Ortsverein Gebhardshain e. V.  <a href=\"https:\/\/henningnyc.com\/\" target=\"_blank\" rel=\"noopener\">Girl next door Free bhadbhabie onlyfans classygirl79free<\/a> -Bereitschaft Elkenroth-<\/h4>\n<table class=\" aligncenter\" style=\"width: 541px;height: 787px;border-color: #ffffff\" border=\"0\" width=\"541\">\n<tbody>\n<tr>\n<td>\n<div style=\"text-align: center\"><img loading=\"lazy\" decoding=\"async\" class=\"aligncenter wp-image-1476\" title=\"Bereitschaftsleiter Marc Hannemann\" src=\"http:\/\/www.drk-elkenroth.de\/wp-content\/uploads\/Hannemann_Marc-150x150.jpg\" alt=\"\" width=\"116\" height=\"155\" srcset=\"http:\/\/www.drk-elkenroth.de\/wp-content\/uploads\/Hannemann_Marc-225x300.jpg 225w, http:\/\/www.drk-elkenroth.de\/wp-content\/uploads\/Hannemann_Marc.jpg 480w\" sizes=\"(max-width: 116px) 100vw, 116px\" \/><\/div>\n<\/td>\n<td class=\"background\" style=\"color: #000000;font-size: 10px\">\n<p><strong style=\"color: #000000;font-size: 16px\">Marc Hannemann<\/strong><\/p>\n<h3><strong>\u00a0Bereitschaftsleiter<\/strong><\/h3>\n<h3>\u00a0Telefon: 0151\/58869078<\/h3>\n<\/td>\n<\/tr>\n<tr>\n<td><img loading=\"lazy\" decoding=\"async\" class=\"aligncenter wp-image-962\" title=\"Stellv. Bereitschaftsleiter Linus Weller\" src=\"http:\/\/www.drk-elkenroth.de\/wp-content\/uploads\/weller-1-225x300.jpg\" alt=\"\" width=\"116\" height=\"155\" hspace=\"5\" vspace=\"5\" srcset=\"http:\/\/www.drk-elkenroth.de\/wp-content\/uploads\/weller-1-225x300.jpg 225w, http:\/\/www.drk-elkenroth.de\/wp-content\/uploads\/weller-1-768x1024.jpg 768w, http:\/\/www.drk-elkenroth.de\/wp-content\/uploads\/weller-1.jpg 1664w\" sizes=\"(max-width: 116px) 100vw, 116px\" \/><\/td>\n<td class=\"background\" style=\"color: #000000;font-size: 10px\"><strong style=\"color: #000000;font-size: 16px\">\u00a0<\/strong><\/p>\n<p><strong style=\"color: #000000;font-size: 16px\">Linus Weller<\/strong><\/p>\n<h3><strong>\u00a0Stellv. Bereitschaftsleiter<\/strong><\/h3>\n<h3>\u00a0Telefon: 0151\/46549179<\/h3>\n<h3>\u00a0E-Mail: <a href=\"mailto:l.weller@drk-elkenroth.de\">l.weller@drk-elkenroth.de<\/a><\/h3>\n<\/td>\n<\/tr>\n<tr>\n<td><img loading=\"lazy\" decoding=\"async\" class=\"aligncenter wp-image-1960\" title=\"Bereitschaftsleiterin Natalie Theis\" src=\"http:\/\/www.drk-elkenroth.de\/wp-content\/uploads\/20190414_192735_1607970539288-1-150x150.jpg\" alt=\"\" width=\"116\" height=\"155\" hspace=\"5\" vspace=\"5\" \/><\/td>\n<td class=\"background\" style=\"color: #000000;font-size: 10px\">\n<p><strong style=\"color: #000000;font-size: 16px\">Natalie Theis<\/strong><\/p>\n<h3><strong>Bereitschaftsleiterin<\/strong><\/h3>\n<h3>Telefon: 0151\/15578375<\/h3>\n<\/td>\n<\/tr>\n<tr>\n<td><strong style=\"color: #000000;font-size: 16px\"> <img loading=\"lazy\" decoding=\"async\" class=\"aligncenter wp-image-1961\" title=\"Stellv. Bereitschaftsleiterin Sabrina Benner\" src=\"http:\/\/www.drk-elkenroth.de\/wp-content\/uploads\/benner_1470995390270-1-150x150.jpg\" alt=\"\" width=\"116\" height=\"155\" hspace=\"5\" vspace=\"5\" \/><br \/>\n<\/strong><\/td>\n<td class=\"background\" style=\"color: #000000;font-size: 10px\">\n<p><strong style=\"color: #000000;font-size: 16px\">Sabrina Benner<\/strong><\/p>\n<h3><strong>Stellv. Bereitschaftsleiterin<\/strong><\/h3>\n<h3>E-Mail: <a href=\"mailto:s.benner@drk-elkenroth.de\">s.benner@drk-elkenroth.de<\/a><\/h3>\n<\/td>\n<\/tr>\n<\/tbody>\n<\/table>\n<p align=\"justify\">Wenn Sie einen Sanit\u00e4tsdienst w\u00fcnschen, schicken Sie uns bitte fr\u00fchestm\u00f6glich eine Dienstanforderung an: <a title=\"Mail an die Bereitschaftsleitung\" href=\"mailto:Bereitschaftsleitung@drk-elkenroth.de\" target=\"_blank\" rel=\"noopener\">bereitschaftsleitung@drk-elkenroth.de<\/a>. Vielen Dank!<\/p>\n<table border=\"1\">\n<tbody>\n<tr>\n<td>\u00a0Anforderung eines Sanit\u00e4tsdienstes<\/td>\n<td><a href=\"http:\/\/www.drk-elkenroth.de\/wp-content\/uploads\/dienstanforderung.doc\" target=\"_blank\" rel=\"noopener\"><img loading=\"lazy\" decoding=\"async\" class=\" size-full wp-image-9\" title=\"Dienstanforderung (Word-Formular) zum ausf\u00fcllen am PC\" src=\"http:\/\/www.drk-elkenroth.de\/wp-content\/uploads\/symbol-word.gif\" alt=\" \" width=\"40\" height=\"40\" hspace=\"2\" vspace=\"2\" \/><\/a><\/td>\n<td><a href=\"http:\/\/www.drk-elkenroth.de\/wp-content\/uploads\/dienstanforderung-pdf.pdf\" target=\"_blank\" rel=\"noopener\"><img loading=\"lazy\" decoding=\"async\" class=\" size-full wp-image-11\" title=\"Dienstanforderung (PDF) zum ausdrucken und handschriftlichem ausf\u00fcllen\" src=\"http:\/\/www.drk-elkenroth.de\/wp-content\/uploads\/symbol-pdf.gif\" alt=\" \" width=\"40\" height=\"40\" hspace=\"2\" vspace=\"2\" \/><\/a><\/td>\n<\/tr>\n<tr>\n<td>\u00a0Rahmenbedingungen Sanit\u00e4tsdienst<\/td>\n<td><\/td>\n<td><a href=\"http:\/\/www.drk-elkenroth.de\/wp-content\/uploads\/richtlinien_san-dienst.pdf\" target=\"_blank\" rel=\"noopener\"><img loading=\"lazy\" decoding=\"async\" class=\" size-full wp-image-11\" title=\"Richtlinien Sanit\u00e4tsdienst\" src=\"http:\/\/www.drk-elkenroth.de\/wp-content\/uploads\/symbol-pdf.gif\" alt=\" \" width=\"40\" height=\"40\" hspace=\"2\" vspace=\"2\" \/><\/a><\/td>\n<\/tr>\n<\/tbody>\n<\/table>\n<p align=\"justify\">Haben Sie noch Fragen? Senden Sie uns einfach eine <a title=\"Mail an die Bereitschaftsleitung\" href=\"mailto:Bereitschaftsleitung@drk-elkenroth.de\" target=\"_blank\" rel=\"noopener\">E-Mail<\/a> oder rufen Sie uns an!<\/p>\n<hr \/>\n","protected":false},"excerpt":{"rendered":"<p>DRK Ortsverein Gebhardshain e. V. Girl next door Free bhadbhabie onlyfans classygirl79free -Bereitschaft Elkenroth- Marc Hannemann \u00a0Bereitschaftsleiter \u00a0Telefon: 0151\/58869078 \u00a0 Linus Weller \u00a0Stellv. Bereitschaftsleiter \u00a0Telefon: 0151\/46549179 \u00a0E-Mail: l.weller@drk-elkenroth.de Natalie Theis Bereitschaftsleiterin Telefon: 0151\/15578375 Sabrina Benner Stellv. Bereitschaftsleiterin E-Mail: s.benner@drk-elkenroth.de Wenn Sie einen Sanit\u00e4tsdienst w\u00fcnschen, schicken Sie uns bitte fr\u00fchestm\u00f6glich eine<a href=\"http:\/\/www.drk-elkenroth.de\/?page_id=19\"><\/p>\n<p>mehr lesen&#8230;<\/a><\/p>\n","protected":false},"author":2,"featured_media":16,"parent":0,"menu_order":27,"comment_status":"closed","ping_status":"closed","template":"","meta":{"footnotes":""},"class_list":["post-19","page","type-page","status-publish","has-post-thumbnail","hentry"],"_links":{"self":[{"href":"http:\/\/www.drk-elkenroth.de\/index.php?rest_route=\/wp\/v2\/pages\/19"}],"collection":[{"href":"http:\/\/www.drk-elkenroth.de\/index.php?rest_route=\/wp\/v2\/pages"}],"about":[{"href":"http:\/\/www.drk-elkenroth.de\/index.php?rest_route=\/wp\/v2\/types\/page"}],"author":[{"embeddable":true,"href":"http:\/\/www.drk-elkenroth.de\/index.php?rest_route=\/wp\/v2\/users\/2"}],"replies":[{"embeddable":true,"href":"http:\/\/www.drk-elkenroth.de\/index.php?rest_route=%2Fwp%2Fv2%2Fcomments&post=19"}],"version-history":[{"count":0,"href":"http:\/\/www.drk-elkenroth.de\/index.php?rest_route=\/wp\/v2\/pages\/19\/revisions"}],"wp:featuredmedia":[{"embeddable":true,"href":"http:\/\/www.drk-elkenroth.de\/index.php?rest_route=\/wp\/v2\/media\/16"}],"wp:attachment":[{"href":"http:\/\/www.drk-elkenroth.de\/index.php?rest_route=%2Fwp%2Fv2%2Fmedia&parent=19"}],"curies":[{"name":"wp","href":"https:\/\/api.w.org\/{rel}","templated":true}]}}