{"id":203,"date":"2009-07-23T18:31:17","date_gmt":"2009-07-23T16:31:17","guid":{"rendered":"http:\/\/www.drk-elkenroth.de\/?page_id=203"},"modified":"2017-02-15T08:12:52","modified_gmt":"2017-02-15T07:12:52","slug":"1971-1980","status":"publish","type":"page","link":"http:\/\/www.drk-elkenroth.de\/?page_id=203","title":{"rendered":"1971 &#8211; 1980"},"content":{"rendered":"<p><!--  \/* Font Definitions *\/  @font-face \t{font-family:\"Cambria Math\"; \tpanose-1:2 4 5 3 5 4 6 3 2 4; \tmso-font-charset:1; \tmso-generic-font-family:roman; \tmso-font-format:other; \tmso-font-pitch:variable; \tmso-font-signature:0 0 0 0 0 0;}  \/* Style Definitions *\/  p.MsoNormal, li.MsoNormal, div.MsoNormal \t{mso-style-unhide:no; \tmso-style-qformat:yes; \tmso-style-parent:\"\"; \tmargin:0cm; \tmargin-bottom:.0001pt; \tmso-pagination:widow-orphan; \tfont-size:12.0pt; \tfont-family:\"Times New Roman\",\"serif\"; \tmso-fareast-font-family:\"Times New Roman\";} .MsoChpDefault \t{mso-style-type:export-only; \tmso-default-props:yes; \tfont-size:10.0pt; \tmso-ansi-font-size:10.0pt; \tmso-bidi-font-size:10.0pt;} @page Section1 \t{size:612.0pt 792.0pt; \tmargin:70.85pt 70.85pt 2.0cm 70.85pt; \tmso-header-margin:36.0pt; \tmso-footer-margin:36.0pt; \tmso-paper-source:0;} div.Section1 \t{page:Section1;} --><\/p>\n<p class=\"MsoNormal\" style=\"text-align: justify;\"><span style=\"font-family: 'Arial','sans-serif'; font-size: 8pt;\">Die Gr\u00fcnderversammlung des Ortsvereins war am 24.04.1971 im Saale der Gastwirtschaft Sch\u00fctz in Elkenroth.<\/span><\/p>\n<p class=\"MsoNormal\" style=\"text-align: justify;\"><span style=\"font-family: 'Arial','sans-serif'; font-size: 8pt;\">\u00a0<\/span><u><span style=\"font-family: 'Arial','sans-serif'; font-size: 8pt;\">Es wurden in den Vorstand gew\u00e4hlt:<\/span><\/u><\/p>\n<table border=\"0\">\n<tbody>\n<tr>\n<td><span style=\"font-family: 'Arial','sans-serif'; font-size: 8pt;\">\u00a0Herr Hermann Hendricks<\/span><\/td>\n<td>\u00a0<span style=\"font-family: 'Arial','sans-serif'; font-size: 8pt;\">1. Vorsitzender<\/span><\/td>\n<td><\/td>\n<\/tr>\n<tr>\n<td>\u00a0<span style=\"font-family: 'Arial','sans-serif'; font-size: 8pt;\">Herr Hermann <\/span><span style=\"font-family: 'Arial','sans-serif'; font-size: 8pt;\">Heyermann<\/span><\/td>\n<td>\u00a0<span style=\"font-family: 'Arial','sans-serif'; font-size: 8pt;\">2. Vorsitzender<\/span><\/td>\n<td><\/td>\n<\/tr>\n<tr>\n<td>\u00a0<span style=\"font-family: 'Arial','sans-serif'; font-size: 8pt;\">Herr Herbert Leyendecker<\/span><\/td>\n<td>\u00a0<span style=\"font-family: 'Arial','sans-serif'; font-size: 8pt;\">Gesch\u00e4ftsf\u00fchrer <\/span><\/td>\n<td><\/td>\n<\/tr>\n<tr>\n<td>\u00a0<span style=\"font-family: 'Arial','sans-serif'; font-size: 8pt;\">Herr Phillip Wolf<\/span><\/td>\n<td>\u00a0<span style=\"font-family: 'Arial','sans-serif'; font-size: 8pt;\">Schatzmeister<\/span><\/td>\n<td><\/td>\n<\/tr>\n<tr>\n<td>\u00a0Herr <span style=\"font-family: 'Arial','sans-serif'; font-size: 8pt;\">Bernhard H\u00fcsch<\/span><\/td>\n<td>\u00a0Zugf\u00fchrer<\/td>\n<td><\/td>\n<\/tr>\n<tr>\n<td>\u00a0Herr Peter Mockenhaupt<\/td>\n<td>\u00a0JRK-Leiter<\/td>\n<td>\u00a0(ab 1975)<\/td>\n<\/tr>\n<tr>\n<td>\u00a0<span style=\"font-family: 'Arial','sans-serif'; font-size: 8pt;\">Herr Heinz Mockenhaupt<\/span><\/td>\n<td>\u00a0\u00a0<span style=\"font-family: 'Arial','sans-serif'; font-size: 8pt;\">Beisitzer<\/span><\/td>\n<td><\/td>\n<\/tr>\n<\/tbody>\n<\/table>\n<p class=\"MsoNormal\" style=\"text-align: justify;\"><span style=\"font-family: 'Arial','sans-serif'; font-size: 8pt;\">Mit Beginn dieses Vorstandes kam der Verein so langsam zu seiner Bl\u00fcte. Die erste Vorstandsitzung des neu gegr\u00fcndeteten Ortsvereins fand am 15.07.1971 statt. Die wichtigste Aufgabe des Vorstandes war damals die Anschaffung von Ausr\u00fcstungsgegenst\u00e4nden sowie eines entsprechenden <img loading=\"lazy\" decoding=\"async\" class=\" alignright size-full wp-image-202\" src=\"http:\/\/www.drk-elkenroth.de\/wp-content\/uploads\/drk-symbol_alt.gif\" alt=\" \" width=\"150\" height=\"151\" align=\"right\" hspace=\"5\" vspace=\"5\" \/>Fahrzeuges. Der DRK Zug Elkenroth hatte zu dieser Zeit\u00a022 aktive Mitglieder.<\/span><\/p>\n<p class=\"MsoNormal\" style=\"text-align: justify;\"><span style=\"font-family: 'Arial','sans-serif'; font-size: 8pt;\">Am 06.03.1972 beschloss der Vorstand die Anschaffung eines Rettungsfahrzeuges vom Typ VW zu einem Preis von 13.597,77 DM. Da ein gro\u00dfer Teil der Kosten vom Ortsverein getragen werden musste, wurde im Bereich der Verbandsgemeinde Gebhardshain eine Spendenaktion druchgef\u00fchrt. Diese Aktion erbrachte einen Erl\u00f6s von insgesamt 1.600,00 DM. Durch diese Spenden, sowie durch Zusch\u00fcsse der Verbandsgemeinde, des Kreisverbandes und des Landkreises konnte das neue Fahrzeug im August 1972 dem DRK-Zug Elkenroth \u00fcbergeben werden.<br \/>\nIm August 1973 wurde als n\u00e4chster Schritt ein Zelt sowie ein Notstromaggregat\u00a0angeschafft.<\/span><\/p>\n<p class=\"MsoNormal\" style=\"text-align: justify;\"><span style=\"font-family: 'Arial','sans-serif'; font-size: 8pt;\">Die Gr\u00fcndung des Jugendrotkreuzes erfogte im Juli 1975 mit insgesamt 25 M\u00e4dchen und Jungen aus dem Bereich der Verbandsgemeinde Gebhardshain. 1976 wurde auf Initiative von Herrn Konrektor Wilhelm\u00a0Adolph mit Unterst\u00fctzung des Vorstandes eine weitere Jugendrotkreuzgruppe in Gebhardshain gegr\u00fcndet. Beide JRK-Gruppen (Elkenroth und Gebhardshain)\u00a0trafen sich damals einmal w\u00f6chentlich in Elkenroth und wurden von Herrn Paul Alh\u00e4user und Herrn R\u00fcdiger L\u00f6hmann geleitet.<\/span><\/p>\n<p class=\"MsoNormal\" style=\"text-align: justify;\"><span style=\"font-family: 'Arial','sans-serif'; font-size: 8pt;\">Seit dem Jahr 1972 wurden neben Elkenroth auch in Gebhardshain Blutspendetermine durchgef\u00fchrt. Durch die Einf\u00fchrung der Doppeltermine konnten erheblich mehr Blutspender gewonnen werden. Bis ca.\u00a0Ende 1979 wurden in der Verbandsgemeinde Gebhardshain seit 1963 9.756 Blutspender registriert. Schon ein Jahr sp\u00e4ter\u00a0wurde der 10.000ste Blutspender registriert. Die Blutspendetermine wurden zu dieser Zeit in der Hauptschule Gebhardshain und der Grundschule Elkenroth durchgef\u00fchrt.<\/span><\/p>\n<p class=\"MsoNormal\" style=\"text-align: justify;\">Ende\u00a01979 sind im DRK-Zug Elkenroth 25 Rotkreuzler, wovon 10 Sanit\u00e4ter, 2 Rettungssanit\u00e4ter und ein Erste-Hilfe-Ausbilder ihren ehrenamtlichen Dienst tun. Der DRK Ortsverein Gebhardshain wird von 399 passiven Mitgliedern in der Verbandsgemeinde Gebhardshain\u00a0unterst\u00fctzt.<\/p>\n<p class=\"MsoNormal\" style=\"text-align: justify;\"><a title=\"zur\u00fcckbl\u00e4ttern zu den Jahren 1963 - 1971\" href=\"http:\/\/www.drk-elkenroth.de\/?page_id=201\">\u2190 Zur\u00fcck (Jahr 1963 &#8211; 1971)<\/a>\u00a0\u00a0\u00a0\u00a0\u00a0\u00a0\u00a0\u00a0\u00a0\u00a0\u00a0\u00a0\u00a0\u00a0 <a title=\"vorbl\u00e4ttern zu den Jahren 1980 - 1984\" href=\"http:\/\/www.drk-elkenroth.de\/?page_id=207\">Weiter (Jahr 1980 &#8211; 1984) \u2192<\/a><\/p>\n<p class=\"MsoNormal\" style=\"text-align: justify;\" align=\"right\"><span style=\"font-family: 'Arial','sans-serif'; font-size: 9px;\">Geschrieben von Steffen Nilius im Juli 2009<\/span><\/p>\n","protected":false},"excerpt":{"rendered":"<p>Die Gr\u00fcnderversammlung des Ortsvereins war am 24.04.1971 im Saale der Gastwirtschaft Sch\u00fctz in Elkenroth. \u00a0Es wurden in den Vorstand gew\u00e4hlt: \u00a0Herr Hermann Hendricks \u00a01. Vorsitzender \u00a0Herr Hermann Heyermann \u00a02. Vorsitzender \u00a0Herr Herbert Leyendecker \u00a0Gesch\u00e4ftsf\u00fchrer \u00a0Herr Phillip Wolf \u00a0Schatzmeister \u00a0Herr Bernhard H\u00fcsch \u00a0Zugf\u00fchrer \u00a0Herr Peter Mockenhaupt \u00a0JRK-Leiter \u00a0(ab 1975) \u00a0Herr Heinz<a href=\"http:\/\/www.drk-elkenroth.de\/?page_id=203\"><\/p>\n<p>mehr lesen&#8230;<\/a><\/p>\n","protected":false},"author":2,"featured_media":202,"parent":0,"menu_order":31,"comment_status":"closed","ping_status":"closed","template":"","meta":{"footnotes":""},"class_list":["post-203","page","type-page","status-publish","has-post-thumbnail","hentry"],"_links":{"self":[{"href":"http:\/\/www.drk-elkenroth.de\/index.php?rest_route=\/wp\/v2\/pages\/203"}],"collection":[{"href":"http:\/\/www.drk-elkenroth.de\/index.php?rest_route=\/wp\/v2\/pages"}],"about":[{"href":"http:\/\/www.drk-elkenroth.de\/index.php?rest_route=\/wp\/v2\/types\/page"}],"author":[{"embeddable":true,"href":"http:\/\/www.drk-elkenroth.de\/index.php?rest_route=\/wp\/v2\/users\/2"}],"replies":[{"embeddable":true,"href":"http:\/\/www.drk-elkenroth.de\/index.php?rest_route=%2Fwp%2Fv2%2Fcomments&post=203"}],"version-history":[{"count":2,"href":"http:\/\/www.drk-elkenroth.de\/index.php?rest_route=\/wp\/v2\/pages\/203\/revisions"}],"predecessor-version":[{"id":1084,"href":"http:\/\/www.drk-elkenroth.de\/index.php?rest_route=\/wp\/v2\/pages\/203\/revisions\/1084"}],"wp:featuredmedia":[{"embeddable":true,"href":"http:\/\/www.drk-elkenroth.de\/index.php?rest_route=\/wp\/v2\/media\/202"}],"wp:attachment":[{"href":"http:\/\/www.drk-elkenroth.de\/index.php?rest_route=%2Fwp%2Fv2%2Fmedia&parent=203"}],"curies":[{"name":"wp","href":"https:\/\/api.w.org\/{rel}","templated":true}]}}