{"id":207,"date":"2009-07-23T18:31:56","date_gmt":"2009-07-23T16:31:56","guid":{"rendered":"http:\/\/www.drk-elkenroth.de\/?page_id=207"},"modified":"2017-02-15T08:15:12","modified_gmt":"2017-02-15T07:15:12","slug":"1980-1984","status":"publish","type":"page","link":"http:\/\/www.drk-elkenroth.de\/?page_id=207","title":{"rendered":"1980 &#8211; 1984"},"content":{"rendered":"<p><!-- \/* Font Definitions *\/ @font-face {font-family:\"Cambria Math\"; panose-1:2 4 5 3 5 4 6 3 2 4; mso-font-charset:1; mso-generic-font-family:roman; mso-font-format:other; mso-font-pitch:variable; mso-font-signature:0 0 0 0 0 0;} \/* Style Definitions *\/ p.MsoNormal, li.MsoNormal, div.MsoNormal {mso-style-unhide:no; mso-style-qformat:yes; mso-style-parent:\"\"; margin:0cm; margin-bottom:.0001pt; mso-pagination:widow-orphan; font-size:12.0pt; font-family:\"Times New Roman\",\"serif\"; mso-fareast-font-family:\"Times New Roman\";} .MsoChpDefault {mso-style-type:export-only; mso-default-props:yes; font-size:10.0pt; mso-ansi-font-size:10.0pt; mso-bidi-font-size:10.0pt;} @page Section1 {size:595.3pt 841.9pt; margin:70.85pt 70.85pt 2.0cm 70.85pt; mso-header-margin:35.4pt; mso-footer-margin:35.4pt; mso-paper-source:0;} div.Section1 {page:Section1;} --><\/p>\n<p class=\"MsoNormal\" style=\"text-align: justify;\">Die erste Mitgliederversammlung nach der Gr\u00fcndung des DRK Ortsvereins war am 29.05.1980 im Hotel Kaus in Gebhardshain. Anwesend waren zu dieser Mitgliederversammlung 19 Mitglieder.<\/p>\n<p class=\"MsoNormal\" style=\"text-align: justify;\">\u00a0<u>Es wurden in den Vorstand gew\u00e4hlt:<\/u><\/p>\n<table border=\"0\">\n<tbody>\n<tr>\n<td>\u00a0Herr Roland Schons<\/td>\n<td>\u00a01. Vorsitzender<\/td>\n<td><\/td>\n<\/tr>\n<tr>\n<td>\u00a0Herr Hermann Heyermann<\/td>\n<td>\u00a02. Vorsitzender<\/td>\n<td><\/td>\n<\/tr>\n<tr>\n<td>\u00a0Herr Frank Menzel<\/td>\n<td>\u00a0Gesch\u00e4ftsf\u00fchrer<\/td>\n<td><\/td>\n<\/tr>\n<tr>\n<td>\u00a0Herr Hermann Z\u00f6ller<\/td>\n<td>\u00a0Schatzmeister<\/td>\n<td><\/td>\n<\/tr>\n<tr>\n<td>\u00a0Herr Dr.Wolfgang Wierny<\/td>\n<td>\u00a0Zugarzt<\/td>\n<td><\/td>\n<\/tr>\n<tr>\n<td>\u00a0Herr Peter Lippert<\/td>\n<td>\u00a0Zugf\u00fchrer<\/td>\n<td><\/td>\n<\/tr>\n<tr>\n<td>\u00a0Herr R\u00fcdiger L\u00f6hmann<\/td>\n<td>\u00a0JRK-Leiter<\/td>\n<td>(ab 1982)<\/td>\n<\/tr>\n<tr>\n<td>\u00a0Herr Heinz Mockenhaupt<\/td>\n<td>\u00a0Beisitzer<\/td>\n<td><\/td>\n<\/tr>\n<tr>\n<td>\u00a0Herr Udo Schneider<\/td>\n<td>\u00a0Beisitzer<\/td>\n<td><\/td>\n<\/tr>\n<tr>\n<td>\u00a0Herr Wilhelm Adolpf<\/td>\n<td>\u00a0Beisitzer<\/td>\n<td><\/td>\n<\/tr>\n<\/tbody>\n<\/table>\n<p class=\"MsoNormal\" style=\"text-align: justify;\">\nIm Juni 1980 beschloss der Vorstand die Anschaffung eines neuen DRK-Rettungsfahrzeuges f\u00fcr das inzwischen 8 Jahre alte Fahrzeug. Die Kosten f\u00fcr den Wagen beliefen sich auf insgesamt 32.946,00 DM.<\/p>\n<p class=\"MsoNormal\" style=\"text-align: justify;\"><span style=\"font-family: 'Arial','sans-serif'; font-size: 8pt;\">Im Jahr 1980 konnte Udo Schneider Frau Maria Sannert zur aktiven Mitarbeit im DRK Ortsverein gewinnen. <\/span><span style=\"font-family: 'Arial','sans-serif'; font-size: 8pt;\">Unter der Regie von Maria Sannert wurden mehrere Seniorentanzgruppen aufgebaut, welche unsern Ortsverein weit \u00fcber die Grenzen des Kreises Altenkirchen hinaus bekannt machte. Frau Sannert betreute allein mehrere Seniorengemeinschaften (z. B. die Gruppen von Elkenroth, Kausen, Molzhain, Dickendorf, Malberg sowie auch eine Bewegungsbad-Gruppe die einzig in ganz Rheinland-Pfalz war und in keinem anderen Ortsverein angeboten wurde).<br \/>\n<\/span><span style=\"font-family: 'Arial','sans-serif'; font-size: 8pt;\">Einmal j\u00e4hrlich wurde in der Elkenrother Turnhalle einen Senioren Tanznachmittag durchgef\u00fchrt, wobei die Gruppen des DRK Kreisverband Altenkirchen eingeladen und beteiligt waren. Es waren in der Regel zwischen 450 &#8211; 550 Personen anwesend.<br \/>\n<\/span><span style=\"font-family: 'Arial','sans-serif'; font-size: 8pt;\">Umrahmt wurde das Ganze von der Musikkapelle des Musikvereins \u201eHildburg\u201c Elkenroth unter der Leitung von Karl-Otto Schulze. <\/span><span style=\"font-family: 'Arial','sans-serif'; font-size: 8pt;\">Au\u00dferdem wurde j\u00e4hrlich eine Busfahrt von Frau Maria Sannert organisiert mit den Frauen und M\u00e4nner der Senioren Gruppen von Frau Sannert, die immer sehr beliebt und auch immer ausgebucht waren.<\/span><\/p>\n<p class=\"MsoNormal\" style=\"text-align: justify;\"><span style=\"font-family: 'Arial','sans-serif'; font-size: 8pt;\">Im Jahr 1983, genauer gesagt am 01.02.1983 erfolgte die Eintragung des DRK Ortsvereines Gebhardshain in das Vereinsregister.<\/span><\/p>\n<p class=\"MsoNormal\" style=\"text-align: justify;\"><span style=\"font-family: 'Arial','sans-serif'; font-size: 8pt;\">Seit Gr\u00fcndung des Ortsvereines im Jahre 1971 fanden in Gebhardshain und Elkenroth insgesamt 34 Blutspendetermine mit insgesamt\u00a011.112 Blutspendern\u00a0statt. Da bereits vor der Gr\u00fcndung des DRK Ortsvereins Blutspendetermine in den beiden Ortschaften durchgef\u00fchrt wurden, bel\u00e4uft sich im Jahr 1983 die Zahl der Termine auf insgesamt 51 mit 13.973 Blutspendern.<\/span><\/p>\n<p class=\"MsoNormal\" style=\"text-align: justify;\"><span style=\"font-family: 'Arial','sans-serif'; font-size: 8pt;\">Am 15.12.1984 tritt Bernhard H\u00fcsch als Zugf\u00fchrer des DRK-Zuges aus zeitlichen Gr\u00fcnden\u00a0zur\u00fcck. Als sein Nachfolger wurde von den Aktiven des DRK-Zuges Peter Lippert als Zugf\u00fchrer gew\u00e4hlt. In einer Feierstunde wurde Bernhard H\u00fcsch von G\u00fcnter Schneider (Nachfolger von Herrn Schons) geehrt. G\u00fcnter Schneider dankte Herrn H\u00fcsch f\u00fcr die &#8222;gewaltige Aufbauarbeit&#8220;, die von Ihm geleistet wurde.<\/span><\/p>\n<p class=\"MsoNormal\" style=\"text-align: justify;\"><span style=\"font-family: 'Arial','sans-serif'; font-size: 8pt;\"><img loading=\"lazy\" decoding=\"async\" class=\" size-full wp-image-206\" title=\"Ausschnitt aus der Siegener Zeitung vom 10.01.1985\" src=\"http:\/\/www.drk-elkenroth.de\/wp-content\/uploads\/1985-01-10.jpg\" alt=\" \" width=\"600\" height=\"962\" hspace=\"5\" vspace=\"5\" srcset=\"http:\/\/www.drk-elkenroth.de\/wp-content\/uploads\/1985-01-10.jpg 633w, http:\/\/www.drk-elkenroth.de\/wp-content\/uploads\/1985-01-10-187x300.jpg 187w\" sizes=\"(max-width: 600px) 100vw, 600px\" \/><\/span><\/p>\n<p class=\"MsoNormal\" style=\"text-align: justify;\"><span style=\"font-family: 'Arial','sans-serif'; font-size: 8pt;\"><a title=\"zur\u00fcckbl\u00e4ttern zu den Jahren 1971 - 1980\" href=\"http:\/\/www.drk-elkenroth.de\/?page_id=203\">\u2190 Zur\u00fcck (Jahr 1971 &#8211; 1980)<\/a>\u00a0\u00a0\u00a0\u00a0\u00a0\u00a0\u00a0\u00a0\u00a0\u00a0\u00a0\u00a0\u00a0\u00a0 <\/span><span style=\"font-family: 'Arial','sans-serif'; font-size: 8pt;\"><a title=\"vorbl\u00e4ttern zu den Jahren 1984 - 1988\" href=\"http:\/\/www.drk-elkenroth.de\/?page_id=210\">Weiter (Jahr 1984 &#8211; 1988) \u2192<\/a><\/span><\/p>\n<p class=\"MsoNormal\" style=\"text-align: justify;\"><span style=\"font-family: 'Arial','sans-serif'; font-size: 9px;\">Geschrieben von Udo Schneider und Steffen Nilius im Juli 2009<\/span><\/p>\n","protected":false},"excerpt":{"rendered":"<p>Die erste Mitgliederversammlung nach der Gr\u00fcndung des DRK Ortsvereins war am 29.05.1980 im Hotel Kaus in Gebhardshain. Anwesend waren zu dieser Mitgliederversammlung 19 Mitglieder. \u00a0Es wurden in den Vorstand gew\u00e4hlt: \u00a0Herr Roland Schons \u00a01. Vorsitzender \u00a0Herr Hermann Heyermann \u00a02. Vorsitzender \u00a0Herr Frank Menzel \u00a0Gesch\u00e4ftsf\u00fchrer \u00a0Herr Hermann Z\u00f6ller \u00a0Schatzmeister \u00a0Herr Dr.Wolfgang<a href=\"http:\/\/www.drk-elkenroth.de\/?page_id=207\"><\/p>\n<p>mehr lesen&#8230;<\/a><\/p>\n","protected":false},"author":2,"featured_media":204,"parent":0,"menu_order":32,"comment_status":"closed","ping_status":"closed","template":"","meta":{"footnotes":""},"class_list":["post-207","page","type-page","status-publish","has-post-thumbnail","hentry"],"_links":{"self":[{"href":"http:\/\/www.drk-elkenroth.de\/index.php?rest_route=\/wp\/v2\/pages\/207"}],"collection":[{"href":"http:\/\/www.drk-elkenroth.de\/index.php?rest_route=\/wp\/v2\/pages"}],"about":[{"href":"http:\/\/www.drk-elkenroth.de\/index.php?rest_route=\/wp\/v2\/types\/page"}],"author":[{"embeddable":true,"href":"http:\/\/www.drk-elkenroth.de\/index.php?rest_route=\/wp\/v2\/users\/2"}],"replies":[{"embeddable":true,"href":"http:\/\/www.drk-elkenroth.de\/index.php?rest_route=%2Fwp%2Fv2%2Fcomments&post=207"}],"version-history":[{"count":4,"href":"http:\/\/www.drk-elkenroth.de\/index.php?rest_route=\/wp\/v2\/pages\/207\/revisions"}],"predecessor-version":[{"id":1086,"href":"http:\/\/www.drk-elkenroth.de\/index.php?rest_route=\/wp\/v2\/pages\/207\/revisions\/1086"}],"wp:featuredmedia":[{"embeddable":true,"href":"http:\/\/www.drk-elkenroth.de\/index.php?rest_route=\/wp\/v2\/media\/204"}],"wp:attachment":[{"href":"http:\/\/www.drk-elkenroth.de\/index.php?rest_route=%2Fwp%2Fv2%2Fmedia&parent=207"}],"curies":[{"name":"wp","href":"https:\/\/api.w.org\/{rel}","templated":true}]}}