{"id":291,"date":"2009-11-04T13:00:51","date_gmt":"2009-11-04T12:00:51","guid":{"rendered":"http:\/\/www.drk-elkenroth.de\/?page_id=291"},"modified":"2025-07-27T14:36:05","modified_gmt":"2025-07-27T12:36:05","slug":"unser-team","status":"publish","type":"page","link":"http:\/\/www.drk-elkenroth.de\/?page_id=291","title":{"rendered":"Unser Team"},"content":{"rendered":"<table>\n<tbody>\n<tr>\n<td colspan=\"4\">\n<h4>Unsere Bereitschaftsmitglieder des DRK Ortsvereins Gebhardshain:<img loading=\"lazy\" decoding=\"async\" class=\"size-full wp-image-2 alignright\" src=\"http:\/\/www.drk-elkenroth.de\/wp-content\/uploads\/drk-fahne.gif\" alt=\" \" width=\"75\" height=\"50\" \/><\/h4>\n<\/td>\n<\/tr>\n<tr>\n<td>Bild<\/td>\n<td>Name,<br \/>Vorname<\/td>\n<td>Funktion im<br \/>OV Gebhardshain<\/td>\n<td>Qualifikation \/<br \/>Ausbildung<\/td>\n<\/tr>\n<tr>\n<td><img loading=\"lazy\" decoding=\"async\" class=\"wp-image-957 aligncenter\" title=\"Sabrina Hombach\" src=\"http:\/\/www.drk-elkenroth.de\/wp-content\/uploads\/benner-4.jpg\" width=\"100\" height=\"133\" hspace=\"2\" vspace=\"2\" srcset=\"http:\/\/www.drk-elkenroth.de\/wp-content\/uploads\/benner-4.jpg 1568w, http:\/\/www.drk-elkenroth.de\/wp-content\/uploads\/benner-4-225x300.jpg 225w, http:\/\/www.drk-elkenroth.de\/wp-content\/uploads\/benner-4-768x1024.jpg 768w\" sizes=\"(max-width: 100px) 100vw, 100px\" \/><\/td>\n<td>Benner,<br \/>Sabrina<\/td>\n<td>\n<p>Schatzmeisterin\/Stellv. Bereitschaftsleiterin<\/p>\n<\/td>\n<td>Gesundheits- und<br \/>Krankenpflegerin<\/td>\n<\/tr>\n<tr>\n<td>(Bild folgt)<\/td>\n<td>Fuhrmann,<br \/>Katharina<\/td>\n<td>Helferin<\/td>\n<td>Sanit\u00e4terin<br \/>DRK Grundausbildung<\/td>\n<\/tr>\n<tr>\n<td><img loading=\"lazy\" decoding=\"async\" class=\"wp-image-961 aligncenter\" title=\"Ralf Reif\" src=\"http:\/\/www.drk-elkenroth.de\/wp-content\/uploads\/reif-2.jpg\" width=\"100\" height=\"133\" hspace=\"2\" vspace=\"2\" srcset=\"http:\/\/www.drk-elkenroth.de\/wp-content\/uploads\/reif-2.jpg 1484w, http:\/\/www.drk-elkenroth.de\/wp-content\/uploads\/reif-2-225x300.jpg 225w, http:\/\/www.drk-elkenroth.de\/wp-content\/uploads\/reif-2-768x1024.jpg 768w\" sizes=\"(max-width: 100px) 100vw, 100px\" \/><\/td>\n<td>Fuhrmann,<br \/>Ralf<\/td>\n<td>Helfer<\/td>\n<td>Rettungssanit\u00e4ter<br \/>DRK Grundausbildung<br \/>Gruppenf\u00fchrer San<\/td>\n<\/tr>\n<tr>\n<td>\u00a0<\/td>\n<td>\u00a0<\/td>\n<td>\u00a0<\/td>\n<td>\u00a0<\/td>\n<\/tr>\n<tr>\n<td><img loading=\"lazy\" decoding=\"async\" class=\"size-full wp-image-264 aligncenter\" title=\"Katrin Gr\u00fcdelbach\" src=\"http:\/\/www.drk-elkenroth.de\/wp-content\/uploads\/gruedelbachk.jpg\" alt=\" \" width=\"100\" height=\"129\" hspace=\"2\" vspace=\"2\" srcset=\"http:\/\/www.drk-elkenroth.de\/wp-content\/uploads\/gruedelbachk.jpg 336w, http:\/\/www.drk-elkenroth.de\/wp-content\/uploads\/gruedelbachk-233x300.jpg 233w\" sizes=\"(max-width: 100px) 100vw, 100px\" \/><\/td>\n<td>Gr\u00fcdelbach,<br \/>Katrin<\/td>\n<td>Helferin<\/td>\n<td>Rettungssanit\u00e4terin<br \/>DRK-Grundausbildung<\/td>\n<\/tr>\n<tr>\n<td><img loading=\"lazy\" decoding=\"async\" class=\"size-full wp-image-265 aligncenter\" title=\"Michael Gr\u00fcdelbach\" src=\"http:\/\/www.drk-elkenroth.de\/wp-content\/uploads\/gruedelbach.jpg\" alt=\" \" width=\"100\" height=\"130\" hspace=\"2\" vspace=\"2\" srcset=\"http:\/\/www.drk-elkenroth.de\/wp-content\/uploads\/gruedelbach.jpg 336w, http:\/\/www.drk-elkenroth.de\/wp-content\/uploads\/gruedelbach-230x300.jpg 230w\" sizes=\"(max-width: 100px) 100vw, 100px\" \/><\/td>\n<td>Gr\u00fcdelbach,<br \/>Michael<\/td>\n<td>Helfer \/<br \/>Blutspendebeauftragter<\/td>\n<td>Sanit\u00e4ter<br \/>DRK-Grundausbildung<br \/>Gruppenf\u00fchrer San<\/td>\n<\/tr>\n<tr>\n<td><img loading=\"lazy\" decoding=\"async\" class=\"wp-image-960 aligncenter\" title=\"Tim Gr\u00fcdelbach\" src=\"http:\/\/www.drk-elkenroth.de\/wp-content\/uploads\/gr\u00fcdelbacht-1.jpg\" width=\"100\" height=\"133\" hspace=\"2\" vspace=\"2\" srcset=\"http:\/\/www.drk-elkenroth.de\/wp-content\/uploads\/gr\u00fcdelbacht-1.jpg 1670w, http:\/\/www.drk-elkenroth.de\/wp-content\/uploads\/gr\u00fcdelbacht-1-225x300.jpg 225w, http:\/\/www.drk-elkenroth.de\/wp-content\/uploads\/gr\u00fcdelbacht-1-768x1024.jpg 768w\" sizes=\"(max-width: 100px) 100vw, 100px\" \/><\/td>\n<td>Gr\u00fcdelbach,<br \/>Tim<\/td>\n<td>Helfer<\/td>\n<td>Sanit\u00e4ter<\/td>\n<\/tr>\n<tr>\n<td><img loading=\"lazy\" decoding=\"async\" class=\"wp-image-1476 aligncenter\" src=\"http:\/\/www.drk-elkenroth.de\/wp-content\/uploads\/Hannemann_Marc.jpg\" alt=\"\" width=\"100\" height=\"133\" srcset=\"http:\/\/www.drk-elkenroth.de\/wp-content\/uploads\/Hannemann_Marc.jpg 480w, http:\/\/www.drk-elkenroth.de\/wp-content\/uploads\/Hannemann_Marc-225x300.jpg 225w\" sizes=\"(max-width: 100px) 100vw, 100px\" \/><\/td>\n<td>Hannemann,<br \/>Marc<\/td>\n<td>Bereitschaftsleiter<\/td>\n<td>Rettungshelfer<\/td>\n<\/tr>\n<tr>\n<td><img loading=\"lazy\" decoding=\"async\" class=\"wp-image-268 aligncenter\" title=\"Joachim H\u00fcsch\" src=\"http:\/\/www.drk-elkenroth.de\/wp-content\/uploads\/huesch2010.jpg\" alt=\" \" width=\"100\" height=\"133\" hspace=\"2\" vspace=\"2\" srcset=\"http:\/\/www.drk-elkenroth.de\/wp-content\/uploads\/huesch2010.jpg 336w, http:\/\/www.drk-elkenroth.de\/wp-content\/uploads\/huesch2010-225x300.jpg 225w\" sizes=\"(max-width: 100px) 100vw, 100px\" \/><\/td>\n<td>H\u00fcsch,<br \/>Joachim<\/td>\n<td>Helfer<\/td>\n<td>Notfallsanit\u00e4ter<br \/>DRK-Grundausbildung<br \/>Organistatorischer Leiter<\/td>\n<\/tr>\n<tr>\n<td><img loading=\"lazy\" decoding=\"async\" class=\"wp-image-269 aligncenter\" title=\"Christian Karmann\" src=\"http:\/\/www.drk-elkenroth.de\/wp-content\/uploads\/karmannc.jpg\" width=\"100\" height=\"133\" hspace=\"2\" vspace=\"2\" srcset=\"http:\/\/www.drk-elkenroth.de\/wp-content\/uploads\/karmannc.jpg 480w, http:\/\/www.drk-elkenroth.de\/wp-content\/uploads\/karmannc-225x300.jpg 225w\" sizes=\"(max-width: 100px) 100vw, 100px\" \/><\/td>\n<td>Karmann,<br \/>Christian<\/td>\n<td>Helfer<\/td>\n<td>Sanit\u00e4ter<\/td>\n<\/tr>\n<tr>\n<td><img loading=\"lazy\" decoding=\"async\" class=\"size-full wp-image-270 aligncenter\" title=\"Philipp Karmann\" src=\"http:\/\/www.drk-elkenroth.de\/wp-content\/uploads\/karmann.jpg\" alt=\" \" width=\"100\" height=\"133\" hspace=\"2\" vspace=\"2\" srcset=\"http:\/\/www.drk-elkenroth.de\/wp-content\/uploads\/karmann.jpg 336w, http:\/\/www.drk-elkenroth.de\/wp-content\/uploads\/karmann-225x300.jpg 225w\" sizes=\"(max-width: 100px) 100vw, 100px\" \/><\/td>\n<td>Karmann,<br \/>Philipp<\/td>\n<td>Helfer<\/td>\n<td>Rettungssanit\u00e4ter<br \/>Gruppenf\u00fchrer San<\/td>\n<\/tr>\n<tr>\n<td><img loading=\"lazy\" decoding=\"async\" class=\"wp-image-852 aligncenter\" src=\"http:\/\/www.drk-elkenroth.de\/wp-content\/uploads\/dr-kohlhas-217x300.jpg\" alt=\"dr-kohlhas\" width=\"100\" height=\"138\" srcset=\"http:\/\/www.drk-elkenroth.de\/wp-content\/uploads\/dr-kohlhas-217x300.jpg 217w, http:\/\/www.drk-elkenroth.de\/wp-content\/uploads\/dr-kohlhas.jpg 224w\" sizes=\"(max-width: 100px) 100vw, 100px\" \/><\/td>\n<td>Dr.\u00a0med. Kohlhas,<br \/>Klaus<\/td>\n<td>\u00a0<\/td>\n<td>Arzt \/ Notarzt<\/td>\n<\/tr>\n<tr>\n<td><img loading=\"lazy\" decoding=\"async\" class=\"size-full wp-image-271 aligncenter\" title=\"Dominick Meyer\" src=\"http:\/\/www.drk-elkenroth.de\/wp-content\/uploads\/meyer.jpg\" alt=\" \" width=\"100\" height=\"133\" hspace=\"2\" vspace=\"2\" srcset=\"http:\/\/www.drk-elkenroth.de\/wp-content\/uploads\/meyer.jpg 480w, http:\/\/www.drk-elkenroth.de\/wp-content\/uploads\/meyer-225x300.jpg 225w\" sizes=\"(max-width: 100px) 100vw, 100px\" \/><\/td>\n<td>Meyer,<br \/>Dominick<\/td>\n<td>Helfer<\/td>\n<td>Sanit\u00e4ter<\/td>\n<\/tr>\n<tr>\n<td><img loading=\"lazy\" decoding=\"async\" class=\"wp-image-966 aligncenter\" title=\"Steffen Nilius (Bereitschaftsleiter)\" src=\"http:\/\/www.drk-elkenroth.de\/wp-content\/uploads\/Nilius.jpg\" width=\"100\" height=\"133\" hspace=\"2\" vspace=\"2\" srcset=\"http:\/\/www.drk-elkenroth.de\/wp-content\/uploads\/Nilius.jpg 1533w, http:\/\/www.drk-elkenroth.de\/wp-content\/uploads\/Nilius-225x300.jpg 225w, http:\/\/www.drk-elkenroth.de\/wp-content\/uploads\/Nilius-768x1024.jpg 768w\" sizes=\"(max-width: 100px) 100vw, 100px\" \/><\/td>\n<td>Nilius,<br \/>Steffen<\/td>\n<td>Helfer<\/td>\n<td>Rettungssanit\u00e4ter<br \/>DRK-Grundausbildung<br \/>Verbandf\u00fchrer KatS<\/td>\n<\/tr>\n<tr>\n<td><img loading=\"lazy\" decoding=\"async\" class=\"size-full wp-image-274 aligncenter\" title=\"R\u00fcdiger Pfeiffer\" src=\"http:\/\/www.drk-elkenroth.de\/wp-content\/uploads\/pfeiffer.jpg\" alt=\" \" width=\"100\" height=\"122\" hspace=\"2\" vspace=\"2\" srcset=\"http:\/\/www.drk-elkenroth.de\/wp-content\/uploads\/pfeiffer.jpg 336w, http:\/\/www.drk-elkenroth.de\/wp-content\/uploads\/pfeiffer-245x300.jpg 245w\" sizes=\"(max-width: 100px) 100vw, 100px\" \/><\/td>\n<td>Pfeiffer,<br \/>R\u00fcdiger<\/td>\n<td>Helfer<\/td>\n<td>Sanit\u00e4ter<br \/>DRK Grundausbildung<\/td>\n<\/tr>\n<tr>\n<td><img loading=\"lazy\" decoding=\"async\" class=\"size-full wp-image-276 aligncenter\" title=\"Stephan Rosenthal\" src=\"http:\/\/www.drk-elkenroth.de\/wp-content\/uploads\/rosenthal.jpg\" alt=\" \" width=\"100\" height=\"129\" hspace=\"2\" vspace=\"2\" srcset=\"http:\/\/www.drk-elkenroth.de\/wp-content\/uploads\/rosenthal.jpg 336w, http:\/\/www.drk-elkenroth.de\/wp-content\/uploads\/rosenthal-232x300.jpg 232w\" sizes=\"(max-width: 100px) 100vw, 100px\" \/><\/td>\n<td>Rosenthal,<br \/>Stephan<\/td>\n<td>Helfer<\/td>\n<td>Rettungsassistent<br \/>DRK-Grundausbildung<\/td>\n<\/tr>\n<tr>\n<td>\n<h4><img loading=\"lazy\" decoding=\"async\" class=\"aligncenter wp-image-1599\" src=\"http:\/\/www.drk-elkenroth.de\/wp-content\/uploads\/2018-SchepkerJasmin-150x150.jpg\" alt=\"\" width=\"100\" height=\"133\" \/><\/h4>\n<\/td>\n<td>Schepker,<br \/>Jasmin<\/td>\n<td>Helferin<\/td>\n<td>Altenpflegerin<\/td>\n<\/tr>\n<tr>\n<td><img loading=\"lazy\" decoding=\"async\" class=\"size-full wp-image-277 aligncenter\" title=\"Alexandra Schuhen\" src=\"http:\/\/www.drk-elkenroth.de\/wp-content\/uploads\/schuhen.jpg\" alt=\" \" width=\"100\" height=\"128\" hspace=\"2\" vspace=\"2\" srcset=\"http:\/\/www.drk-elkenroth.de\/wp-content\/uploads\/schuhen.jpg 336w, http:\/\/www.drk-elkenroth.de\/wp-content\/uploads\/schuhen-234x300.jpg 234w\" sizes=\"(max-width: 100px) 100vw, 100px\" \/><\/td>\n<td>Schuhen,<br \/>Alexandra<\/td>\n<td>Helferin<\/td>\n<td>Gesundheits- und Krankenpflegerin<br \/>DRK-Grundausbildung<br \/>Fachdienstausbildung PASt<\/td>\n<\/tr>\n<tr>\n<td>\u00a0<\/td>\n<td>\u00a0<\/td>\n<td>\u00a0<\/td>\n<td>\u00a0<\/td>\n<\/tr>\n<tr>\n<td><img loading=\"lazy\" decoding=\"async\" class=\"size-full wp-image-279 aligncenter\" title=\"Dieter Theis\" src=\"http:\/\/www.drk-elkenroth.de\/wp-content\/uploads\/theisd.jpg\" alt=\" \" width=\"100\" height=\"131\" hspace=\"2\" vspace=\"2\" srcset=\"http:\/\/www.drk-elkenroth.de\/wp-content\/uploads\/theisd.jpg 336w, http:\/\/www.drk-elkenroth.de\/wp-content\/uploads\/theisd-230x300.jpg 230w\" sizes=\"(max-width: 100px) 100vw, 100px\" \/><\/td>\n<td>Theis,<br \/>Dieter<\/td>\n<td>Helfer<\/td>\n<td>Rettungssanit\u00e4ter<br \/>DRK-Grundausbildung<br \/>Gruppenf\u00fchrer San<br \/>Fachdienstausbildung PASt<\/td>\n<\/tr>\n<tr>\n<td><img loading=\"lazy\" decoding=\"async\" class=\"wp-image-947 aligncenter\" title=\"Natalie Theis\" src=\"http:\/\/www.drk-elkenroth.de\/wp-content\/uploads\/theisn-1.jpg\" width=\"100\" height=\"133\" srcset=\"http:\/\/www.drk-elkenroth.de\/wp-content\/uploads\/theisn-1.jpg 1556w, http:\/\/www.drk-elkenroth.de\/wp-content\/uploads\/theisn-1-225x300.jpg 225w, http:\/\/www.drk-elkenroth.de\/wp-content\/uploads\/theisn-1-768x1024.jpg 768w\" sizes=\"(max-width: 100px) 100vw, 100px\" \/><\/td>\n<td>Theis,<br \/>Natalie<\/td>\n<td>Bereitschaftsleiterin<\/td>\n<td>\n<p>Rettungssanit\u00e4terin<br \/>DRK-Grundausbildung<br \/>Gruppenf\u00fchrerin San<br \/>Fachdienstausbildung PASt<\/p>\n<\/td>\n<\/tr>\n<tr>\n<td><img loading=\"lazy\" decoding=\"async\" class=\"wp-image-962 aligncenter\" title=\"Linus Weller (Stellv. Bereitschaftsleiter)\" src=\"http:\/\/www.drk-elkenroth.de\/wp-content\/uploads\/weller-1.jpg\" alt=\"\" width=\"100\" height=\"134\" hspace=\"2\" vspace=\"2\" srcset=\"http:\/\/www.drk-elkenroth.de\/wp-content\/uploads\/weller-1.jpg 1664w, http:\/\/www.drk-elkenroth.de\/wp-content\/uploads\/weller-1-225x300.jpg 225w, http:\/\/www.drk-elkenroth.de\/wp-content\/uploads\/weller-1-768x1024.jpg 768w\" sizes=\"(max-width: 100px) 100vw, 100px\" \/><\/td>\n<td>Weller,<br \/>Linus<\/td>\n<td>Stellv. Bereitschaftsleiter<\/td>\n<td>Rettungsassistent<br \/>DRK-Grundausbildung<br \/>Zugf\u00fchrer San<\/td>\n<\/tr>\n<\/tbody>\n<\/table>\n<h5>Nachfolgend m\u00f6chten wir Ihnen einen \u00dcberblick \u00fcber die verschiedenen\u00a0Qualifikationen beim DRK geben:<\/h5>\n<table border=\"0\">\n<tbody>\n<tr>\n<td><img loading=\"lazy\" decoding=\"async\" class=\" size-full wp-image-282\" title=\"Qualifikationsabzeichen Sanit\u00e4tshelfer\" src=\"http:\/\/www.drk-elkenroth.de\/wp-content\/uploads\/sh.jpg\" alt=\" \" width=\"100\" height=\"100\" hspace=\"2\" vspace=\"2\" \/><\/td>\n<td><strong>Sanit\u00e4tshelfer (SH):<\/strong>\u00a0Erstversorgung von Patienten und Betroffenen und\u00a0ausgebildeter Helfer im Katastrophenschutz. Hat eine theoretisch-praktische\u00a0Ausbildung\u00a0von insgesamt\u00a028 Doppelstunden\u00a0absolviert und\u00a0eine theoretische und praktische Pr\u00fcfung abgelegt.<\/td>\n<\/tr>\n<tr>\n<td><img loading=\"lazy\" decoding=\"async\" class=\" size-full wp-image-283\" title=\"Qualifikationsabzeichen Rettungshelfer\" src=\"http:\/\/www.drk-elkenroth.de\/wp-content\/uploads\/rh.jpg\" alt=\" \" width=\"100\" height=\"101\" hspace=\"2\" vspace=\"2\" srcset=\"http:\/\/www.drk-elkenroth.de\/wp-content\/uploads\/rh.jpg 153w, http:\/\/www.drk-elkenroth.de\/wp-content\/uploads\/rh-150x150.jpg 150w, http:\/\/www.drk-elkenroth.de\/wp-content\/uploads\/rh-144x144.jpg 144w\" sizes=\"(max-width: 100px) 100vw, 100px\" \/><\/td>\n<td><strong>Rettungshelfer (RH):<\/strong>\u00a0Helfer des Rettungssanit\u00e4ters\u00a0beim Krankentransport und bei der Erstversorung von Notfallpatienten. Ausbildung:\u00a080 Stunden Theorie, 80 Stunden Klinik- und 80 Stunden Rettungswachenpraktikum.<\/td>\n<\/tr>\n<tr>\n<td><img loading=\"lazy\" decoding=\"async\" class=\" size-full wp-image-284\" title=\"Qualifikationsabzeichen Rettungssanit\u00e4ter\" src=\"http:\/\/www.drk-elkenroth.de\/wp-content\/uploads\/rs.jpg\" alt=\" \" width=\"100\" height=\"102\" hspace=\"2\" vspace=\"2\" \/><\/td>\n<td><strong>Rettungssanit\u00e4ter\u00a0(RS):<\/strong> Durchf\u00fchrung von Kranken- und Notfalltransport, Erstversorgung von Notfallpatienten und Helfer des Rettungsassistenten \/\u00a0des Notarztes\u00a0bei der Versorgung von Notfallpatienten. 520 Stunden Ausbildung:\u00a0160, Stunden\u00a0Theorie, 160 Stunden Klinik- und 160 Stunden Rettungswachenpraktikum\u00a0sowie abschlie\u00dfendem Abschlusslehrgang (40 Stunden).<\/td>\n<\/tr>\n<tr>\n<td><img loading=\"lazy\" decoding=\"async\" class=\" size-full wp-image-285\" title=\"Qualifikationsabzeichen Rettungssassistent\" src=\"http:\/\/www.drk-elkenroth.de\/wp-content\/uploads\/ra.jpg\" alt=\" \" width=\"100\" height=\"99\" hspace=\"2\" vspace=\"2\" srcset=\"http:\/\/www.drk-elkenroth.de\/wp-content\/uploads\/ra.jpg 147w, http:\/\/www.drk-elkenroth.de\/wp-content\/uploads\/ra-144x144.jpg 144w\" sizes=\"(max-width: 100px) 100vw, 100px\" \/><\/td>\n<td><strong>Rettungsassistent\u00a0(RA):<\/strong> Assistent des Notarztes; Durchf\u00fchrung von Notfalltransport;\u00a0Versorgung von Notfallpatienten bis zum Eintreffen des Notarztes (\u00a7 3 RettAssG). 2-j\u00e4hrige Regelausbildung:<br \/>1. Jahr:\u00a0Theoretische Ausbildung\u00a0und Praktika\u00a0in einer\u00a0Klinik\u00a0mit abschlie\u00dfender\u00a0staatlicher Abschlusspr\u00fcfung;<br \/>2. Jahr: Ausbildung als\u00a0&#8222;Rettungsassistent im Praktikum&#8220;\u00a0auf einer Lehrrettungswache.<\/td>\n<\/tr>\n<tr>\n<td><img loading=\"lazy\" decoding=\"async\" class=\"alignnone wp-image-1000 \" src=\"http:\/\/www.drk-elkenroth.de\/wp-content\/uploads\/nfs.jpg\" width=\"99\" height=\"101\" \/><\/td>\n<td><strong>\u00a0Notfallsanit\u00e4ter (NFS): <\/strong>Ab 01.01.2014 ist der Rettungsassistent durch den Notfallsanit\u00e4ter abgel\u00f6st worden. 3-j\u00e4hrige Berufsausbildung. Wie der Rettungsassistent ist der Notfallsanit\u00e4ter Assistent des Notarztes und f\u00fchrt\u00a0Notfalltransporte durch.<\/td>\n<\/tr>\n<tr>\n<td><img loading=\"lazy\" decoding=\"async\" class=\" size-full wp-image-286\" title=\"Qualifikationsabzeichen Notarzt\" src=\"http:\/\/www.drk-elkenroth.de\/wp-content\/uploads\/na.jpg\" alt=\" \" width=\"100\" height=\"96\" hspace=\"2\" vspace=\"2\" \/><\/td>\n<td><strong>Notarzt (NA):<\/strong>\u00a0An\u00e4sthesisten, vielerorts auch Unfallchirurgen\u00a0oder Internisten.<br \/>Mindestvoraussetzungen: Approbation als Arzt sowie\u00a0Fachkundenachweis Rettungsdienst<\/td>\n<\/tr>\n<\/tbody>\n<\/table>\n<p>Neben den im DRK \u00fcblichen Ausbildungen geh\u00f6ren unserer Bereitschaft auch examinierte Kr\u00e4fte aus der Krankenpflege an, welche eine\u00a03\u00bd-j\u00e4hrige Ausbildung durchlaufen haben.<\/p>\n<h5>Grundausbildung im DRK Kreisverband Altenkirchen<\/h5>\n<p>Neben der Sanit\u00e4tshelferausbildung, die jedes aktive Bereitschaftsmitglied durchl\u00e4uft, m\u00fcssen noch verschiedene Module zur <strong>Helfergrundausbildung<\/strong>\u00a0absolviert werden:<\/p>\n<table border=\"1\">\n<tbody>\n<tr>\n<td><strong>Ausbildung<\/strong><\/td>\n<td><strong>Beschreibung \/ Inhalt<\/strong><\/td>\n<\/tr>\n<tr>\n<td>Rotkreuz-<br \/>Einf\u00fchrungsseminar<\/td>\n<td>Entstehung der Rotkreuzbewegung, Leit- und Grunds\u00e4tze des Roten Kreuzes, Satzungen im DRK, Rechte und Pflichten von DRK-Mitgliedern, Aufbau und Strukturen im DRK Landesverband \/ Kreisverband \/ Ortsverein.<\/td>\n<\/tr>\n<tr>\n<td>AED-<br \/>Grundausbildung<\/td>\n<td>Zertifizierung der Helfer in der Fr\u00fchdefibrillation (<strong>AED<\/strong> = <strong>A<\/strong>utomatischer <strong>E<\/strong>xterner <strong>D<\/strong>efibrillator). Nach der Grundausbildung ist eine j\u00e4hrliche Rezertifizierung zu absolvieren.<\/td>\n<\/tr>\n<tr>\n<td>Grundausbildung<br \/>&#8222;Technik &amp; Sicherheit&#8220;<\/td>\n<td>In dieser Grundausbildung werden die allgemeinen Grundlagen der Technik und Sicherheit behandelt, insbesondere die einschl\u00e4gigen Vorschriften der Berufsgenossenschaft. Weitere Themen sind Unfallverh\u00fctungsvorschriften, Gef\u00e4hrliche Stoffe und G\u00fcter, Mitfahren auf Einsatzfahrzeugen, Stromversorgung, Unterweisung im vorbeugenden Brandschutz, Handwerkzeuge und Arbeitsmittel.<\/td>\n<\/tr>\n<tr>\n<td>Ausbildung zum<br \/>Sprechfunker BOS<\/td>\n<td>Allgemeine Grundlagen des Sprechfunkverkehrs. Weitere Themen der Ausbildung sind Grundlagen des Sprechfunks, Ger\u00e4tekunde, Sprechfunkbetrieb und Kartenkunde.<\/td>\n<\/tr>\n<tr>\n<td>Grundausbildung<br \/>Betreuungsdienst<\/td>\n<td>Ausbildung \u00fcber die Behandlung von unverletzt betroffenen Personen (z. B. bei einem Massenanfall von Verletzten). Die Ausbildung beinhaltet die Registrierung, Verpflegung und Unterbringung von Betroffenen.<\/td>\n<\/tr>\n<\/tbody>\n<\/table>\n<p>Nach\u00a0erfolgreichem Abschluss der oben aufgef\u00fchrten Module, hat\u00a0ein Helfer die Voraussetzungen erf\u00fcllt, um\u00a0in einer <strong>SEG<\/strong> mitzuwirken. Weiterhin gibt es in der SEG neben der Einheit\u00a0&#8222;Sanit\u00e4tsdienst&#8220; auch noch weitere Facheinheiten (Betreuung, Verpflegung, Technik &amp; Sicherheit, Fernmeldedienst, Suchdienst und die Rettungshundestaffel). Die Mitglieder dieser Facheinheiten haben neben der Grundausbildung noch weitere Fachdienstausbildungen durchlaufen, damit sie die \u00fcbertragenen Aufgaben ausf\u00fchren k\u00f6nnen.<\/p>\n<h5>Leitungs- und F\u00fchrungsaufgaben im DRK Kreisverband Altenkirchen<\/h5>\n<p>Neben den Fachqualifikationen gibt es in den DRK-Gliederungen auch noch Leitungs- und F\u00fchrungsaufgaben. In die sogenannten <strong>Leitungsfunktionen<\/strong> werden Personen von den Bereitschaftsmitgliedern gew\u00e4hlt und durch die Kreisbereitschaftsleitung best\u00e4tigt. Die erforderlichen Ausbildungen f\u00fcr die Leitungsfunktionen m\u00fcssen sp\u00e4testens\u00a03 Jahre <u>nach<\/u> der Wahl\u00a0abgeschlossen werden.<\/p>\n<p>Personen mit <strong>F\u00fchrungsaufgaben<\/strong> m\u00fcssen bei der Bestellung zum Trupp-\/ Gruppen-\/ Zugf\u00fchrer oder zum Organisatorischen Leiter \/ bzw. Leitenden Notarzt\u00a0bereits\u00a0die jeweilige Ausbildung <u>abgeschlossen<\/u> haben, damit sie die Funktionen wahrnehmen k\u00f6nnen.<br \/>Die F\u00fchrungsfunktionen kommen immer dann zur Anwendung, wenn die <a title=\"Weitere INFO\u00b4s zur SEG\" href=\"http:\/\/www.drk-elkenroth.de\/?page_id=28\">SEG (Schnelle Einsatz Gruppe)<\/a> alarmiert wird. In diesem Fall kommen viele Leute mit unterschiedlichen Qualifikationen und\u00a0Ausbildungen\u00a0zum Einsatz, um eine gr\u00f6\u00dfere Schadenslage abzuarbeiten. Personen mit F\u00fchrungsaufgaben werden im Einsatz mit farblichen Westen gekennzeichnet.<\/p>\n<table border=\"1\">\n<tbody>\n<tr>\n<td><strong>F\u00fchrungs-<br \/>ebene<\/strong><\/td>\n<td><strong>Funktion \/ Person \/ Qualifikation<\/strong><\/td>\n<\/tr>\n<tr>\n<td>\u00a0<img loading=\"lazy\" decoding=\"async\" class=\" size-full wp-image-287\" title=\"Einsatzleiter\" src=\"http:\/\/www.drk-elkenroth.de\/wp-content\/uploads\/el.jpg\" alt=\" \" width=\"70\" height=\"100\" \/><\/td>\n<td>\u00a0<strong>Einsatzleiter (Gelbe Weste)<\/strong>\n<p>Der Einsatzleiter ist je nach Gr\u00f6\u00dfe des Schadensgebietes entweder der Wehrf\u00fchrer, Wehrleiter oder Kreisfeuerwehrinspektor der Feuerwehr. Bei Eins\u00e4tzen <u>ohne<\/u> Feuerwehr\u00a0ist\u00a0der <strong>Leitende Notarzt (LNA)<\/strong>\u00a0der Einsatzleiter.<\/p>\n<\/td>\n<\/tr>\n<tr>\n<td>\u00a0<img loading=\"lazy\" decoding=\"async\" class=\" size-full wp-image-288\" title=\"Abschnittsleiter &quot;Gesundheit&quot;\" src=\"http:\/\/www.drk-elkenroth.de\/wp-content\/uploads\/al.jpg\" alt=\" \" width=\"65\" height=\"100\" \/><\/td>\n<td>\u00a0<strong>Abschnittsleiter (Wei\u00dfe Weste)<\/strong>\n<p>Der Abschnittsleitung &#8222;Gesundheit&#8220; wird vom <strong>Organisatorischen Leiter (OrgL)<\/strong>\u00a0und dem <strong>Leitenden Notarzt (LNA)<\/strong>\u00a0gemeinsam gef\u00fchrt. Diese beiden Personen sind die Einsatzleiter f\u00fcr alle DRK-Kr\u00e4fte.<\/p>\n<\/td>\n<\/tr>\n<tr>\n<td>\u00a0<img loading=\"lazy\" decoding=\"async\" class=\" size-full wp-image-289\" title=\"Unterabschnittsleiter\" src=\"http:\/\/www.drk-elkenroth.de\/wp-content\/uploads\/ual.jpg\" alt=\" \" width=\"66\" height=\"100\" \/><\/td>\n<td>\u00a0<strong>Zugf\u00fchrer \/ Unterabschnittsleiter (Rote Weste)<\/strong>\n<p>Der <strong>Zugf\u00fchrer (ZF)<\/strong>\u00a0untersteht dem\u00a0LNA und OrgL\u00a0und ist Leiter des Behandlungsplatzes, auf dem bis zu 50 Verletzte versorgt werden k\u00f6nnen. Der Zugf\u00fchrer ist in der Lage, im Einsatz bis zu 5 Gruppen zu f\u00fchren.<\/p>\n<\/td>\n<\/tr>\n<tr>\n<td>\u00a0<img loading=\"lazy\" decoding=\"async\" class=\" size-full wp-image-290\" title=\"Gruppenf\u00fchrer\" src=\"http:\/\/www.drk-elkenroth.de\/wp-content\/uploads\/gf.jpg\" alt=\" \" width=\"66\" height=\"100\" \/><\/td>\n<td>\u00a0<strong>Gruppenf\u00fchrer (Blaue Weste)<\/strong>\n<p>Der <strong>Gruppenf\u00fchrer\u00a0(GF)<\/strong>\u00a0untersteht dem Zugf\u00fchrer \/ bzw. Unterabschnittsleiter und\u00a0ist in der Lage, eine Teileinheit (Rettungs- bzw. Sanit\u00e4tsdienst \/ Betreuungsdienst \/ Technik &amp; Sicherheit \/ Verpflegungsdienst)\u00a0der SEG zu f\u00fchren.<\/p>\n<\/td>\n<\/tr>\n<tr>\n<td>\n<p align=\"center\">\u00a0&#8211;<\/p>\n<\/td>\n<td><strong>\u00a0Truppf\u00fchrer (ohne Kennzeichnung)<\/strong>\n<p>Ein <strong>Truppf\u00fchrer (TF)<\/strong>\u00a0untersteht dem Gruppenf\u00fchrer und\u00a0kann einen Trupp von bis zu 5 Leuten f\u00fchren. Er wird im Einsatz vom Gruppenf\u00fchrer bestimmt und ist verantwortlich, dass die Ihm und dem Trupp\u00a0\u00fcbertragene Aufgabe\u00a0durchgef\u00fchrt wird.<\/p>\n<\/td>\n<\/tr>\n<\/tbody>\n<\/table>\n\n\n<p><\/p>\n\n\n\n<p><\/p>\n\n\n\n<ul class=\"wp-block-list\">\n<li><\/li>\n<\/ul>\n\n\n\n<p><\/p>\n\n\n\n<ul class=\"wp-block-list\">\n<li><\/li>\n<\/ul>\n","protected":false},"excerpt":{"rendered":"<p>Unsere Bereitschaftsmitglieder des DRK Ortsvereins Gebhardshain: Bild Name,Vorname Funktion imOV Gebhardshain Qualifikation \/Ausbildung Benner,Sabrina Schatzmeisterin\/Stellv. Bereitschaftsleiterin Gesundheits- undKrankenpflegerin (Bild folgt) Fuhrmann,Katharina Helferin Sanit\u00e4terinDRK Grundausbildung Fuhrmann,Ralf Helfer Rettungssanit\u00e4terDRK GrundausbildungGruppenf\u00fchrer San \u00a0 \u00a0 \u00a0 \u00a0 Gr\u00fcdelbach,Katrin Helferin Rettungssanit\u00e4terinDRK-Grundausbildung Gr\u00fcdelbach,Michael Helfer \/Blutspendebeauftragter Sanit\u00e4terDRK-GrundausbildungGruppenf\u00fchrer San Gr\u00fcdelbach,Tim Helfer Sanit\u00e4ter Hannemann,Marc Bereitschaftsleiter Rettungshelfer H\u00fcsch,Joachim Helfer Notfallsanit\u00e4terDRK-GrundausbildungOrganistatorischer<a href=\"http:\/\/www.drk-elkenroth.de\/?page_id=291\"><\/p>\n<p>mehr lesen&#8230;<\/a><\/p>\n","protected":false},"author":2,"featured_media":2,"parent":0,"menu_order":6,"comment_status":"closed","ping_status":"closed","template":"","meta":{"footnotes":""},"class_list":["post-291","page","type-page","status-publish","has-post-thumbnail","hentry"],"_links":{"self":[{"href":"http:\/\/www.drk-elkenroth.de\/index.php?rest_route=\/wp\/v2\/pages\/291"}],"collection":[{"href":"http:\/\/www.drk-elkenroth.de\/index.php?rest_route=\/wp\/v2\/pages"}],"about":[{"href":"http:\/\/www.drk-elkenroth.de\/index.php?rest_route=\/wp\/v2\/types\/page"}],"author":[{"embeddable":true,"href":"http:\/\/www.drk-elkenroth.de\/index.php?rest_route=\/wp\/v2\/users\/2"}],"replies":[{"embeddable":true,"href":"http:\/\/www.drk-elkenroth.de\/index.php?rest_route=%2Fwp%2Fv2%2Fcomments&post=291"}],"version-history":[{"count":42,"href":"http:\/\/www.drk-elkenroth.de\/index.php?rest_route=\/wp\/v2\/pages\/291\/revisions"}],"predecessor-version":[{"id":1955,"href":"http:\/\/www.drk-elkenroth.de\/index.php?rest_route=\/wp\/v2\/pages\/291\/revisions\/1955"}],"wp:featuredmedia":[{"embeddable":true,"href":"http:\/\/www.drk-elkenroth.de\/index.php?rest_route=\/wp\/v2\/media\/2"}],"wp:attachment":[{"href":"http:\/\/www.drk-elkenroth.de\/index.php?rest_route=%2Fwp%2Fv2%2Fmedia&parent=291"}],"curies":[{"name":"wp","href":"https:\/\/api.w.org\/{rel}","templated":true}]}}