{"id":366,"date":"2010-02-23T12:37:12","date_gmt":"2010-02-23T11:37:12","guid":{"rendered":"http:\/\/www.drk-elkenroth.de\/?page_id=366"},"modified":"2016-12-19T10:59:59","modified_gmt":"2016-12-19T09:59:59","slug":"2002-2010","status":"publish","type":"page","link":"http:\/\/www.drk-elkenroth.de\/?page_id=366","title":{"rendered":"2002 &#8211; 2010"},"content":{"rendered":"<h4>Pressearchiv 2002 &#8211; 2010<\/h4>\n<table border=\"1\">\n<tbody>\n<tr>\n<td>\u00a0<strong>Titel<\/strong><\/td>\n<td><strong>Auszug aus<\/strong><\/td>\n<td>\u00a0<strong>Datum<\/strong><\/td>\n<td>\u00a0<strong>Dateigr\u00f6\u00dfe<\/strong><\/td>\n<td>\u00a0<strong>Kategorie<\/strong><\/td>\n<\/tr>\n<tr>\n<td>\u00a0<a href=\"http:\/\/www.drk-elkenroth.de\/wp-content\/uploads\/za_hp2002-02-23.pdf\" target=\"_blank\">Den 10 000. Blutspender geehrt<\/a><\/td>\n<td>\u00a0Rhein-Zeitung<\/td>\n<td>\u00a023.02.2002<\/td>\n<td>\n<p align=\"right\">\u00a0321 kB<\/p>\n<\/td>\n<td>\u00a0Blutspende<\/td>\n<\/tr>\n<tr>\n<td>\u00a0<a href=\"http:\/\/www.drk-elkenroth.de\/wp-content\/uploads\/za_hp2002-10-18.pdf\" target=\"_blank\">Zum Abschied G\u00fcnter Schneider besonders geehrt<\/a><\/td>\n<td>\u00a0Rhein-Zeitung<\/td>\n<td>\u00a018.10.2002<\/td>\n<td>\n<p align=\"right\">\u00a0861 kB<\/p>\n<\/td>\n<td>\u00a0Chronik<\/td>\n<\/tr>\n<tr>\n<td><a href=\"http:\/\/www.drk-elkenroth.de\/wp-content\/uploads\/za_hp2002-11-02.pdf\" target=\"_blank\">\u00a0&#8222;Blutspender sind Vorbilder&#8220;<\/a><\/td>\n<td>\u00a0Rhein-Zeitung<\/td>\n<td>\u00a002.11.2002<\/td>\n<td>\n<p align=\"right\">\u00a0330 kB<\/p>\n<\/td>\n<td>\u00a0Blutspende<\/td>\n<\/tr>\n<tr>\n<td>\u00a0<a href=\"http:\/\/www.drk-elkenroth.de\/wp-content\/uploads\/za_hp2003-01-07.pdf\" target=\"_blank\">Unfall war ganz enge Sache<\/a><\/td>\n<td>\u00a0Rhein-Zeitung<\/td>\n<td>\u00a007.02.2003<\/td>\n<td>\n<p align=\"right\">\u00a0570 kB<\/p>\n<\/td>\n<td>\u00a0Einsatz<\/td>\n<\/tr>\n<tr>\n<td>\u00a0<a href=\"http:\/\/www.drk-elkenroth.de\/wp-content\/uploads\/za_hp2003-04-22.pdf\" target=\"_blank\">Strommast blockierte L 281<\/a><\/td>\n<td>\u00a0Rhein-Zeitung<\/td>\n<td>\u00a022.04.2003<\/td>\n<td>\n<p align=\"right\">\u00a0593 kB<\/p>\n<\/td>\n<td>\u00a0Einsatz<\/td>\n<\/tr>\n<tr>\n<td>\u00a0<a href=\"http:\/\/www.drk-elkenroth.de\/wp-content\/uploads\/za_hp2003-06-16.pdf\" target=\"_blank\">80 kW und Defibrillator an Bord<\/a><\/td>\n<td>\u00a0Rhein-Zeitung<\/td>\n<td>\u00a016.06.2003<\/td>\n<td>\n<p align=\"right\">\u00a0569 kB<\/p>\n<\/td>\n<td>\u00a0Chronik<\/td>\n<\/tr>\n<tr>\n<td>\u00a0<a href=\"http:\/\/www.drk-elkenroth.de\/wp-content\/uploads\/za_hp2003-07-01.pdf\" target=\"_blank\">DRK Elkenroth war beste Gruppe<\/a><\/td>\n<td>\u00a0Rhein-Zeitung<\/td>\n<td>\u00a001.07.2003<\/td>\n<td>\n<p align=\"right\">\u00a0943 kB<\/p>\n<\/td>\n<td>\u00a0\u00dcbung<\/td>\n<\/tr>\n<tr>\n<td>\u00a0<a href=\"http:\/\/www.drk-elkenroth.de\/wp-content\/uploads\/za_hp2003-10-31.pdf\" target=\"_blank\">Blutspenden kann Leben retten<\/a><\/td>\n<td>\u00a0Rhein-Zeitung<\/td>\n<td>\u00a031.10.2003<\/td>\n<td>\n<p align=\"right\">\u00a0494 kB<\/p>\n<\/td>\n<td>\u00a0Blutspende<\/td>\n<\/tr>\n<tr>\n<td>\u00a0<a href=\"http:\/\/www.drk-elkenroth.de\/wp-content\/uploads\/za_hp2004-04-06.pdf\" target=\"_blank\">Bombe unscharf: Kirchen atmet auf<\/a><\/td>\n<td>\u00a0Rhein-Zeitung<\/td>\n<td>\u00a006.04.2004<\/td>\n<td>\n<p align=\"right\">\u00a0760 kB<\/p>\n<\/td>\n<td>\u00a0Einsatz<\/td>\n<\/tr>\n<tr>\n<td>\u00a0<a href=\"http:\/\/www.drk-elkenroth.de\/wp-content\/uploads\/za_hp2004-06-21.pdf\" target=\"_blank\">DRK Katzwinkel \u00fcbte: 6 Personon vom Feuer bedroht<\/a><\/td>\n<td>\u00a0Rhein-Zeitung<\/td>\n<td>\u00a021.06.2004<\/td>\n<td>\n<p align=\"right\">\u00a01.097 kB<\/p>\n<\/td>\n<td>\u00a0\u00dcbung<\/td>\n<\/tr>\n<tr>\n<td>\u00a0<a href=\"http:\/\/www.drk-elkenroth.de\/wp-content\/uploads\/za_hp2004-12-03.pdf\" target=\"_blank\">Regen Blutspendern f\u00fcr Treue gedankt<\/a><\/td>\n<td>\u00a0Rhein-Zeitung<\/td>\n<td>\u00a003.12.2004<\/td>\n<td>\n<p align=\"right\">\u00a0863 kB<\/p>\n<\/td>\n<td>\u00a0Blutspende<\/td>\n<\/tr>\n<tr>\n<td>\u00a0<a href=\"http:\/\/www.drk-elkenroth.de\/wp-content\/uploads\/za_hp2005-09-23.pdf\" target=\"_blank\">In Kausen brannte Dachstuhl<\/a><\/td>\n<td>\u00a0Rhein-Zeitung<\/td>\n<td>\u00a023.09.2005<\/td>\n<td>\n<p align=\"right\">\u00a0787 kB<\/p>\n<\/td>\n<td>\u00a0Einsatz<\/td>\n<\/tr>\n<tr>\n<td>\u00a0<a href=\"http:\/\/www.drk-elkenroth.de\/wp-content\/uploads\/za_hp2005-11-25.pdf\" target=\"_blank\">Vier B\u00fcrger f\u00fcr 100-malige Blutspende ausgezeichnet<\/a><\/td>\n<td>\u00a0Rhein-Zeitung<\/td>\n<td>\u00a025.11.2005<\/td>\n<td>\n<p align=\"right\">\u00a0753 kB<\/p>\n<\/td>\n<td>\u00a0Blutspende<\/td>\n<\/tr>\n<tr>\n<td>\u00a0<a href=\"http:\/\/www.drk-elkenroth.de\/wp-content\/uploads\/za_hp2006-03-11.pdf\" target=\"_blank\">Passanten befreien Unfallopfer<\/a><\/td>\n<td>\u00a0Rhein-Zeitung<\/td>\n<td>\u00a011.03.2006<\/td>\n<td>\n<p align=\"right\">\u00a0408 kB<\/p>\n<\/td>\n<td>\u00a0Einsatz<\/td>\n<\/tr>\n<tr>\n<td>\u00a0<a href=\"http:\/\/www.drk-elkenroth.de\/wp-content\/uploads\/za_hp2006-04-04.pdf\" target=\"_blank\">Kinder besuchten Feuerwehr<\/a><\/td>\n<td>\u00a0Rhein-Zeitung<\/td>\n<td>\u00a004.04.2006<\/td>\n<td>\n<p align=\"right\">\u00a0612 kB<\/p>\n<\/td>\n<td>\u00a0Veranstaltung<\/td>\n<\/tr>\n<tr>\n<td>\u00a0<a href=\"http:\/\/www.drk-elkenroth.de\/wp-content\/uploads\/za_hp2006-09-25.pdf\" target=\"_blank\">Endlich startet Bau f\u00fcr die Feuerwehr<\/a><\/td>\n<td>\u00a0Rhein-Zeitung<\/td>\n<td>\u00a025.09.2006<\/td>\n<td>\n<p align=\"right\">\u00a0724 kB<\/p>\n<\/td>\n<td>\u00a0Chronik<\/td>\n<\/tr>\n<tr>\n<td>\u00a0<a href=\"http:\/\/www.drk-elkenroth.de\/wp-content\/uploads\/za_hp2006-11-14.pdf\" target=\"_blank\">Lebenssaft hilft t\u00e4glich Leben retten<\/a><\/td>\n<td>\u00a0Rhein-Zeitung<\/td>\n<td>\u00a014.11.2006<\/td>\n<td>\n<p align=\"right\">\u00a0808 kB<\/p>\n<\/td>\n<td>\u00a0Blutspende<\/td>\n<\/tr>\n<tr>\n<td>\u00a0<a href=\"http:\/\/www.drk-elkenroth.de\/wp-content\/uploads\/za_hp2007-09-25.pdf\" target=\"_blank\">&#8222;Explosion&#8220; bei der Westerwaldbahn<\/a><\/td>\n<td>\u00a0Rhein-Zeitung<\/td>\n<td>\u00a025.09.2007<\/td>\n<td>\n<p align=\"right\">\u00a0395 kB<\/p>\n<\/td>\n<td>\u00a0\u00dcbung<\/td>\n<\/tr>\n<tr>\n<td>\u00a0<a href=\"http:\/\/www.drk-elkenroth.de\/wp-content\/uploads\/za_hp2007-11-09.pdf\" target=\"_blank\">Gebhardshainer Blutspender geehrt<\/a><\/td>\n<td>\u00a0Rhein-Zeitung<\/td>\n<td>\u00a009.11.2007<\/td>\n<td>\n<p align=\"right\">\u00a0731 kB<\/p>\n<\/td>\n<td>\u00a0Blutspende<\/td>\n<\/tr>\n<tr>\n<td>\u00a0<a href=\"\/images\/stories\/za_hp2007-11-14.pdf\" target=\"_blank\">Vermissten (17) im Wald gefunden<\/a><\/td>\n<td>\u00a0Rhein-Zeitung<\/td>\n<td>\u00a014.11.2007<\/td>\n<td>\n<p align=\"right\">\u00a0411 kB<\/p>\n<\/td>\n<td>\u00a0Einsatz<\/td>\n<\/tr>\n<tr>\n<td>\u00a0<a href=\"http:\/\/www.drk-elkenroth.de\/wp-content\/uploads\/za_hp2007-11-24.pdf\" target=\"_blank\">Zigarettenkippe als Brandursache?<\/a><\/td>\n<td>\u00a0Rhein-Zeitung<\/td>\n<td>\u00a024.11.2007<\/td>\n<td>\n<p align=\"right\">\u00a0635 kB<\/p>\n<\/td>\n<td>\u00a0Einsatz<\/td>\n<\/tr>\n<tr>\n<td>\u00a0<a href=\"http:\/\/www.drk-elkenroth.de\/wp-content\/uploads\/za_hp2007-12-12.pdf\" target=\"_blank\">DRK w\u00e4hlte neuen Vorstand<\/a><\/td>\n<td>\u00a0Rhein-Zeitung<\/td>\n<td>\u00a012.12.2007<\/td>\n<td>\n<p align=\"right\">\u00a0839 kB<\/p>\n<\/td>\n<td>\u00a0Chronik<\/td>\n<\/tr>\n<tr>\n<td>\u00a0<a href=\"http:\/\/www.drk-elkenroth.de\/wp-content\/uploads\/za_hp2008-01-23.pdf\" target=\"_blank\">Gut ausgebildete Kr\u00e4fte in neuen R\u00e4umen<\/a><\/td>\n<td>\u00a0Rhein-Zeitung<\/td>\n<td>\u00a023.01.2008<\/td>\n<td>\n<p align=\"right\">\u00a0346 kB<\/p>\n<\/td>\n<td>\u00a0\u00dcbung<\/td>\n<\/tr>\n<tr>\n<td>\u00a0<a href=\"http:\/\/www.drk-elkenroth.de\/wp-content\/uploads\/za_hp2008-03-25.pdf\" target=\"_blank\">DRK-Bereitschaft bei Blutspendedienst<\/a><\/td>\n<td>\u00a0AK-Kurier<\/td>\n<td>\u00a025.03.2008<\/td>\n<td>\n<p align=\"right\">\u00a0294 kB<\/p>\n<\/td>\n<td>\u00a0Veranstaltung<\/td>\n<\/tr>\n<tr>\n<td>\u00a0<a href=\"http:\/\/www.drk-elkenroth.de\/wp-content\/uploads\/za_hp2008-04-28.pdf\" target=\"_blank\">Bruch: Geld vern\u00fcnftig angelegt<\/a><\/td>\n<td>\u00a0AK-Kurier<\/td>\n<td>\u00a028.04.2008<\/td>\n<td>\n<p align=\"right\">\u00a0781 kB<\/p>\n<\/td>\n<td>\u00a0Chronik<\/td>\n<\/tr>\n<tr>\n<td>\u00a0<a href=\"http:\/\/www.drk-elkenroth.de\/wp-content\/uploads\/za_hp2008-05-08.pdf\" target=\"_blank\">L\u00f6schzug demonstrierte Leistung<\/a><\/td>\n<td>\u00a0AK-Kurier<\/td>\n<td>\u00a008.05.2008<\/td>\n<td>\n<p align=\"right\">\u00a0627 kB<\/p>\n<\/td>\n<td>\u00a0\u00dcbung<\/td>\n<\/tr>\n<tr>\n<td>\u00a0<a href=\"http:\/\/www.drk-elkenroth.de\/wp-content\/uploads\/za_hp2008-06-29.pdf\" target=\"_blank\">Zwei Schwerverletzte auf der K 118<\/a><\/td>\n<td>\u00a0AK-Kurier<\/td>\n<td>\u00a029.06.2008<\/td>\n<td>\n<p align=\"right\">\u00a0911 kB<\/p>\n<\/td>\n<td>\u00a0Einsatz<\/td>\n<\/tr>\n<tr>\n<td>\u00a0<a href=\"http:\/\/www.drk-elkenroth.de\/wp-content\/uploads\/za_hp2008-06-30.pdf\" target=\"_blank\">MS-Gruppe war auf Rollstuhl-Wanderung<\/a><\/td>\n<td>\u00a0Rhein-Zeitung<\/td>\n<td>\u00a030.06.2008<\/td>\n<td>\n<p align=\"right\">\u00a0945 kB<\/p>\n<\/td>\n<td>\u00a0Veranstaltung<\/td>\n<\/tr>\n<tr>\n<td>\u00a0<a href=\"http:\/\/www.drk-elkenroth.de\/wp-content\/uploads\/za_hp2008-08-23.pdf\" target=\"_blank\">Gegen Baum: Fahrer schwer verletzt<\/a><\/td>\n<td>\u00a0AK-Kurier<\/td>\n<td>\u00a023.08.2008<\/td>\n<td>\n<p align=\"right\">\u00a0304 kB<\/p>\n<\/td>\n<td>\u00a0Einsatz<\/td>\n<\/tr>\n<tr>\n<td>\u00a0<a href=\"http:\/\/www.drk-elkenroth.de\/wp-content\/uploads\/za_hp2008-09-01.pdf\" target=\"_blank\">Szenario: Zug prallt gegen Traktor<\/a><\/td>\n<td>\u00a0Rhein-Zeitung<\/td>\n<td>\u00a001.09.2008<\/td>\n<td>\n<p align=\"right\">\u00a0643 kB<\/p>\n<\/td>\n<td>\u00a0\u00dcbung<\/td>\n<\/tr>\n<tr>\n<td>\u00a0<a href=\"http:\/\/www.drk-elkenroth.de\/wp-content\/uploads\/za_hp2008-09-04.pdf\" target=\"_blank\">Zwei Schwerverletzte auf der L 288<\/a><\/td>\n<td>\u00a0AK-Kurier<\/td>\n<td>\u00a004.09.2008<\/td>\n<td>\n<p align=\"right\">\u00a0594 kB<\/p>\n<\/td>\n<td>\u00a0Einsatz<\/td>\n<\/tr>\n<tr>\n<td>\u00a0<a href=\"http:\/\/www.drk-elkenroth.de\/wp-content\/uploads\/za_hp2008-09-15.pdf\" target=\"_blank\">Menschen \u00fcbers Dach der Halle gerettet<\/a><\/td>\n<td>\u00a0Rhein-Zeitung<\/td>\n<td>\u00a015.09.2008<\/td>\n<td>\n<p align=\"right\">\u00a0762 kB<\/p>\n<\/td>\n<td>\u00a0\u00dcbung<\/td>\n<\/tr>\n<tr>\n<td>\u00a0<a href=\"http:\/\/www.drk-elkenroth.de\/wp-content\/uploads\/za_hp2008-09-17.pdf\" target=\"_blank\">Elkenroth: DRK informierte sich \u00fcber Wegerechte<\/a><\/td>\n<td>\u00a0Rhein-Zeitung<\/td>\n<td>\u00a017.09.2008<\/td>\n<td>\n<p align=\"right\">\u00a0405 kB<\/p>\n<\/td>\n<td>\u00a0Veranstaltung<\/td>\n<\/tr>\n<tr>\n<td>\u00a0<a href=\"http:\/\/www.drk-elkenroth.de\/wp-content\/uploads\/za_hp2008-11-04.pdf\" target=\"_blank\">Rettunswagen wieder wie neu<\/a><\/td>\n<td>\u00a0AK-Kurier<\/td>\n<td>\u00a004.11.2008<\/td>\n<td>\n<p align=\"right\">\u00a0283 kB<\/p>\n<\/td>\n<td>\u00a0Chronik<\/td>\n<\/tr>\n<tr>\n<td>\u00a0<a href=\"http:\/\/www.drk-elkenroth.de\/wp-content\/uploads\/za_hp2008-11-05.pdf\" target=\"_blank\">Ihr Blut hilft Leben retten<\/a><\/td>\n<td>\u00a0Rhein-Zeitung<\/td>\n<td>\u00a005.11.2008<\/td>\n<td>\n<p align=\"right\">\u00a0724 kB<\/p>\n<\/td>\n<td>\u00a0Blutspende<\/td>\n<\/tr>\n<tr>\n<td>\u00a0<a href=\"http:\/\/www.drk-elkenroth.de\/wp-content\/uploads\/za_hp2008-11-11.pdf\" target=\"_blank\">86-j\u00e4higer Pkw-Fahrer erfasst Stra\u00dfenarbeiter &#8211; (&#8230;)<\/a><\/td>\n<td>\u00a0Rhein-Zeitung<\/td>\n<td>\u00a011.11.2008<\/td>\n<td>\u00a0407 kB<\/td>\n<td>\u00a0Einsatz<\/td>\n<\/tr>\n<tr>\n<td>\u00a0<a href=\"http:\/\/www.drk-elkenroth.de\/wp-content\/uploads\/za_hp2008-11-20.pdf\" target=\"_blank\">Wohnhaus wurde Opfer der Flammen<\/a><\/td>\n<td>\u00a0Rhein-Zeitung<\/td>\n<td>\u00a020.11.2008<\/td>\n<td>\n<p align=\"right\">\u00a0751 kB<\/p>\n<\/td>\n<td>\u00a0Einsatz<\/td>\n<\/tr>\n<tr>\n<td>\u00a0<a href=\"http:\/\/www.drk-elkenroth.de\/wp-content\/uploads\/za_hp2008-12-07.pdf\" target=\"_blank\">DRKler absolvierten Lehrgang<\/a><\/td>\n<td>\u00a0AK-Kurier<\/td>\n<td>\u00a007.12.2008<\/td>\n<td>\n<p align=\"right\">\u00a0230 kB<\/p>\n<\/td>\n<td>\u00a0Lehrgang<\/td>\n<\/tr>\n<tr>\n<td>\u00a0<a href=\"http:\/\/www.drk-elkenroth.de\/wp-content\/uploads\/za_hp2009-03-10.pdf\" target=\"_blank\">Drei Schwerverletzte nach Unfall<\/a><\/td>\n<td>\u00a0AK-Kurier<\/td>\n<td>\u00a010.03.2009<\/td>\n<td>\n<p align=\"right\">\u00a0683 kB<\/p>\n<\/td>\n<td>\u00a0Einsatz<\/td>\n<\/tr>\n<tr>\n<td>\u00a0<a href=\"http:\/\/www.drk-elkenroth.de\/wp-content\/uploads\/za_hp2009-04-10.pdf\" target=\"_blank\">Vermisster 80-j\u00e4hriger gefunden<\/a><\/td>\n<td>\u00a0AK-Kurier<\/td>\n<td>\u00a010.04.2009<\/td>\n<td>\n<p align=\"right\">\u00a07 kB<\/p>\n<\/td>\n<td>\u00a0Einsatz<\/td>\n<\/tr>\n<tr>\n<td>\u00a0<a href=\"http:\/\/www.drk-elkenroth.de\/wp-content\/uploads\/za_hp2009-04-13.pdf\" target=\"_blank\">Waldbrand schnell unter Kontrolle<\/a><\/td>\n<td>\u00a0AK-Kurier<\/td>\n<td>\u00a013.04.2009<\/td>\n<td>\n<p align=\"right\">\u00a0300 kB<\/p>\n<\/td>\n<td>\u00a0Einsatz<\/td>\n<\/tr>\n<tr>\n<td>\u00a0<a href=\"http:\/\/www.drk-elkenroth.de\/wp-content\/uploads\/za_hp2009-05-19.pdf\" target=\"_blank\">Gemeinsame DRK-Dienstabende<\/a><\/td>\n<td>\u00a0AK-Kurier<\/td>\n<td>\u00a019.05.2009<\/td>\n<td>\n<p align=\"right\">\u00a0179 kB<\/p>\n<\/td>\n<td>\u00a0Lehrgang<\/td>\n<\/tr>\n<tr>\n<td>\u00a0<a href=\"http:\/\/www.drk-elkenroth.de\/wp-content\/uploads\/za_hp2009-06-09.pdf\" target=\"_blank\">DRKler im Fahrsicherheitstraining<\/a><\/td>\n<td>\u00a0AK-Kurier<\/td>\n<td>\u00a009.06.2009<\/td>\n<td>\n<p align=\"right\">\u00a0245 kB<\/p>\n<\/td>\n<td>\u00a0Lehrgang<\/td>\n<\/tr>\n<tr>\n<td>\u00a0<a href=\"http:\/\/www.drk-elkenroth.de\/wp-content\/uploads\/za_hp2009-08-19.pdf\" target=\"_blank\">Am Elkenrother Weiher ge\u00fcbt<\/a><\/td>\n<td>\u00a0Rhein-Zeitung<\/td>\n<td>\u00a019.08.2009<\/td>\n<td>\n<p align=\"right\">\u00a0593 kB<\/p>\n<\/td>\n<td>\u00a0\u00dcbung<\/td>\n<\/tr>\n<tr>\n<td>\u00a0<a href=\"http:\/\/www.drk-elkenroth.de\/wp-content\/uploads\/za_hp2009-09-29.pdf\" target=\"_blank\">Hei\u00dfes Szenario im &#8222;blauen Rathaus&#8220;<\/a><\/td>\n<td>\u00a0Rhein-Zeitung<\/td>\n<td>\u00a029.09.2009<\/td>\n<td>\n<p align=\"right\">\u00a0706 kB<\/p>\n<\/td>\n<td>\u00a0\u00dcbung<\/td>\n<\/tr>\n<tr>\n<td>\u00a0<a href=\"http:\/\/www.drk-elkenroth.de\/wp-content\/uploads\/za_hp2009-10-14.pdf\" target=\"_blank\">Gro\u00dfbrand auf dem Ermertgel\u00e4nde<\/a><\/td>\n<td>\u00a0Rhein-Zeitung<\/td>\n<td>\u00a014.10.2009<\/td>\n<td>\n<p align=\"right\">\u00a0423 kB<\/p>\n<\/td>\n<td>\u00a0Einsatz<\/td>\n<\/tr>\n<tr>\n<td>\u00a0<a href=\"http:\/\/www.drk-elkenroth.de\/wp-content\/uploads\/za_hp2009-10-26.pdf\" target=\"_blank\">Neuer DRK-Einsatzleitwagen bestand &#8222;Feuertaufe&#8220;<\/a><\/td>\n<td>\u00a0AK-Kurier<\/td>\n<td>\u00a026.10.2009<\/td>\n<td>\n<p align=\"right\">\u00a010 kB<\/p>\n<\/td>\n<td>\u00a0Einsatz<\/td>\n<\/tr>\n<tr>\n<td>\u00a0<a href=\"http:\/\/www.drk-elkenroth.de\/wp-content\/uploads\/za_hp2009-10-27.pdf\" target=\"_blank\">Feuerwehren sind f\u00fcr den Ernstfall gewappnet<\/a><\/td>\n<td>\u00a0Rhein-Zeitung<\/td>\n<td>\u00a027.10.2009<\/td>\n<td>\n<p align=\"right\">\u00a0604 kB<\/p>\n<\/td>\n<td>\u00a0\u00dcbung<\/td>\n<\/tr>\n<tr>\n<td>\u00a0<a href=\"http:\/\/www.drk-elkenroth.de\/wp-content\/uploads\/za_hp2009-10-28.pdf\" target=\"_blank\">DRK ehrt treue Blutspender<\/a><\/td>\n<td>\u00a0Rhein-Zeitung<\/td>\n<td>\u00a028.10.2009<\/td>\n<td>\n<p align=\"right\">\u00a0921 kB<\/p>\n<\/td>\n<td>\u00a0Blutspende<\/td>\n<\/tr>\n<tr>\n<td>\u00a0<a href=\"http:\/\/www.drk-elkenroth.de\/wp-content\/uploads\/za_hp2009-11-07.pdf\" target=\"_blank\">Massen-Impfaktion f\u00fcr Hilfsorganisationen<\/a><\/td>\n<td>\u00a0AK-Kurier<\/td>\n<td>\u00a007.11.2009<\/td>\n<td>\n<p align=\"right\">\u00a0501 kB<\/p>\n<\/td>\n<td>\u00a0Einsatz<\/td>\n<\/tr>\n<tr>\n<td>\u00a0<a href=\"http:\/\/www.drk-elkenroth.de\/wp-content\/uploads\/za_hp2010-03-22.pdf\" target=\"_blank\">Beth \u00fcbergibt die DRK-F\u00fchrung an Lieber<\/a><\/td>\n<td>\u00a0Rhein-Zeitung<\/td>\n<td>\u00a022.03.2010<\/td>\n<td>\n<p align=\"right\">\u00a0842 kB<\/p>\n<\/td>\n<td>\u00a0Veranstaltung<\/td>\n<\/tr>\n<tr>\n<td>\u00a0<a href=\"http:\/\/www.drk-elkenroth.de\/wp-content\/uploads\/za_hp2010-04-02.pdf\" target=\"_blank\">Drei Schwerverletzte bei Unfall nahe Kausen<\/a><\/td>\n<td>\u00a0AK-Kurier<\/td>\n<td>\u00a002.04.2010<\/td>\n<td>\n<p align=\"right\">\u00a0376 kB<\/p>\n<\/td>\n<td>\u00a0Einsatz<\/td>\n<\/tr>\n<tr>\n<td>\u00a0<a href=\"http:\/\/www.drk-elkenroth.de\/wp-content\/uploads\/za_hp2010-04-10.pdf\" target=\"_blank\">Unfall auf L 288: F\u00fcnf Verletzte<\/a><\/td>\n<td>\u00a0Rhein-Zeitung<\/td>\n<td>\u00a010.04.2010<\/td>\n<td>\n<p align=\"right\">\u00a0857 kB<\/p>\n<\/td>\n<td>\u00a0Einsatz<\/td>\n<\/tr>\n<tr>\n<td>\u00a0<a href=\"http:\/\/www.drk-elkenroth.de\/wp-content\/uploads\/za_hp2010-06-21.pdf\" target=\"_blank\">Gro\u00dfer Tag f\u00fcrs DRK: Jubil\u00e4en und Geschicklichkeitsfahrt<\/a><\/td>\n<td>\u00a0Rhein-Zeitung<\/td>\n<td>\u00a021.06.2010<\/td>\n<td>\n<p align=\"right\">\u00a0983 kB<\/p>\n<\/td>\n<td>\u00a0Veranstaltung<\/td>\n<\/tr>\n<tr>\n<td>\u00a0<a href=\"http:\/\/www.drk-elkenroth.de\/wp-content\/uploads\/za_hp2010-07-05.pdf\" target=\"_blank\">Ein Verletzter bei Brand in Fensdorf<\/a><\/td>\n<td>\u00a0Rhein-Zeitung<\/td>\n<td>\u00a005.07.2010<\/td>\n<td>\n<p align=\"right\">\u00a0711 kB<\/p>\n<\/td>\n<td>\u00a0Einsatz<\/td>\n<\/tr>\n<tr>\n<td>\u00a0<a href=\"http:\/\/www.drk-elkenroth.de\/wp-content\/uploads\/za_hp2010-07-12.pdf\" target=\"_blank\">Scheune in Malberg ausgebrannt<\/a><\/td>\n<td>\u00a0Rhein-Zeitung<\/td>\n<td>\u00a012.07.2010<\/td>\n<td>\n<p align=\"right\">\u00a085 kB<\/p>\n<\/td>\n<td>\u00a0Einsatz<\/td>\n<\/tr>\n<tr>\n<td>\u00a0<a href=\"http:\/\/www.drk-elkenroth.de\/wp-content\/uploads\/za_hp2010-08-17.pdf\" target=\"_blank\">Mit PKW B\u00f6schung hinab: Junge Frau in Steinebach schwer verletzt<\/a><\/td>\n<td>\u00a0Rhein-Zeitung<\/td>\n<td>\u00a017.08.2010<\/td>\n<td>\n<p align=\"right\">\u00a0986 kB<\/p>\n<\/td>\n<td>\u00a0Einsatz<\/td>\n<\/tr>\n<tr>\n<td>\u00a0<a href=\"http:\/\/www.drk-elkenroth.de\/wp-content\/uploads\/za_hp2010-09-05.pdf\" target=\"_blank\">Steinebach: 6 L\u00f6schz\u00fcge und DRK mit 97 Kr\u00e4ften\u00a0im Einsatz<\/a><\/td>\n<td>\u00a0B\u00fcrgerkurier<\/td>\n<td>\u00a005.09.2010<\/td>\n<td>\n<p align=\"right\">\u00a0685 kB<\/p>\n<\/td>\n<td>\u00a0Einsatz<\/td>\n<\/tr>\n<tr>\n<td>\u00a0<a href=\"http:\/\/www.drk-elkenroth.de\/wp-content\/uploads\/za_hp2010-10-03.pdf\" target=\"_blank\">Beeindruckende \u00dcbung der VG-Feuerwehr Gebhardshain<\/a><\/td>\n<td>\u00a0AK-Kurier<\/td>\n<td>\u00a003.10.2010<\/td>\n<td>\n<p align=\"right\">\u00a0598 kB<\/p>\n<\/td>\n<td>\u00a0\u00dcbung<\/td>\n<\/tr>\n<tr>\n<td>\u00a0<a href=\"http:\/\/www.drk-elkenroth.de\/wp-content\/uploads\/za_hp2010-10-14.pdf\" target=\"_blank\">DRK stellt seine neue Kampagne vor<\/a><\/td>\n<td>\u00a0Rhein-Zeitung<\/td>\n<td>\u00a014.10.2010<\/td>\n<td>\n<p align=\"right\">\u00a0823 kB<\/p>\n<\/td>\n<td>\u00a0Veranstaltung<\/td>\n<\/tr>\n<tr>\n<td>\u00a0<a href=\"http:\/\/www.drk-elkenroth.de\/wp-content\/uploads\/za_hp2010-10-29.pdf\" target=\"_blank\">Gro\u00dfbrand mit Verletzten simuliert<\/a><\/td>\n<td>\u00a0Rhein-Zeitung<\/td>\n<td>\u00a029.10.2010<\/td>\n<td>\n<p align=\"right\">\u00a0885 kB<\/p>\n<\/td>\n<td>\u00a0\u00dcbung<\/td>\n<\/tr>\n<tr>\n<td>\u00a0<a href=\"http:\/\/www.drk-elkenroth.de\/wp-content\/uploads\/za_hp2010-11-26.pdf\" target=\"_blank\">Blutspendern f\u00fcr ihre Unterst\u00fctzung gedankt<\/a><\/td>\n<td>\u00a0Rhein-Zeitung<\/td>\n<td>\u00a026.11.2010<\/td>\n<td>\n<p align=\"right\">\u00a0678 kB<\/p>\n<\/td>\n<td>\u00a0Blutspende<\/td>\n<\/tr>\n<\/tbody>\n<\/table>\n","protected":false},"excerpt":{"rendered":"<p>Pressearchiv 2002 &#8211; 2010 \u00a0Titel Auszug aus \u00a0Datum \u00a0Dateigr\u00f6\u00dfe \u00a0Kategorie \u00a0Den 10 000. Blutspender geehrt \u00a0Rhein-Zeitung \u00a023.02.2002 \u00a0321 kB \u00a0Blutspende \u00a0Zum Abschied G\u00fcnter Schneider besonders geehrt \u00a0Rhein-Zeitung \u00a018.10.2002 \u00a0861 kB \u00a0Chronik \u00a0&#8222;Blutspender sind Vorbilder&#8220; \u00a0Rhein-Zeitung \u00a002.11.2002 \u00a0330 kB \u00a0Blutspende \u00a0Unfall war ganz enge Sache \u00a0Rhein-Zeitung \u00a007.02.2003 \u00a0570 kB \u00a0Einsatz \u00a0Strommast<a href=\"http:\/\/www.drk-elkenroth.de\/?page_id=366\"><\/p>\n<p>mehr lesen&#8230;<\/a><\/p>\n","protected":false},"author":2,"featured_media":0,"parent":0,"menu_order":41,"comment_status":"closed","ping_status":"closed","template":"","meta":{"footnotes":""},"class_list":["post-366","page","type-page","status-publish","hentry"],"_links":{"self":[{"href":"http:\/\/www.drk-elkenroth.de\/index.php?rest_route=\/wp\/v2\/pages\/366"}],"collection":[{"href":"http:\/\/www.drk-elkenroth.de\/index.php?rest_route=\/wp\/v2\/pages"}],"about":[{"href":"http:\/\/www.drk-elkenroth.de\/index.php?rest_route=\/wp\/v2\/types\/page"}],"author":[{"embeddable":true,"href":"http:\/\/www.drk-elkenroth.de\/index.php?rest_route=\/wp\/v2\/users\/2"}],"replies":[{"embeddable":true,"href":"http:\/\/www.drk-elkenroth.de\/index.php?rest_route=%2Fwp%2Fv2%2Fcomments&post=366"}],"version-history":[{"count":1,"href":"http:\/\/www.drk-elkenroth.de\/index.php?rest_route=\/wp\/v2\/pages\/366\/revisions"}],"predecessor-version":[{"id":920,"href":"http:\/\/www.drk-elkenroth.de\/index.php?rest_route=\/wp\/v2\/pages\/366\/revisions\/920"}],"wp:attachment":[{"href":"http:\/\/www.drk-elkenroth.de\/index.php?rest_route=%2Fwp%2Fv2%2Fmedia&parent=366"}],"curies":[{"name":"wp","href":"https:\/\/api.w.org\/{rel}","templated":true}]}}