{"id":52,"date":"2008-07-05T21:50:44","date_gmt":"2008-07-05T19:50:44","guid":{"rendered":"http:\/\/www.drk-elkenroth.de\/?page_id=52"},"modified":"2017-06-14T08:36:49","modified_gmt":"2017-06-14T06:36:49","slug":"fahrzeuge","status":"publish","type":"page","link":"http:\/\/www.drk-elkenroth.de\/?page_id=52","title":{"rendered":"Fahrzeuge"},"content":{"rendered":"<p align=\"justify\">Unserer Bereitschaft stehen zur Durchf\u00fchrung unserer Aufgaben 2 Fahrzeuge zur Verf\u00fcgung:<\/p>\n<div align=\"justify\">\n<ul>\n<li><a href=\"http:\/\/www.drk-elkenroth.de\/?page_id=66\">Mannschaftstransportfahrzeug (MTF)<\/a><\/li>\n<li><a href=\"http:\/\/www.drk-elkenroth.de\/?page_id=64\">Rettungswagen (RTW)<\/a><\/li>\n<\/ul>\n<\/div>\n<div align=\"justify\">\nBei Bedarf k\u00f6nnen wir noch auf weitere Fahrzeuge vom Kreisverband Altenkirchen zur\u00fcckgreifen. Bei gr\u00f6\u00dferen Veranstaltungen (Volksfeste, Karnevalsumz\u00fcge, usw&#8230;) helfen uns auch weitere DRK Ortsvereine\u00a0des Kreisverbandes Alktenkirchen personell und materiell aus.<\/div>\n<div align=\"justify\">\n<\/div>\n","protected":false},"excerpt":{"rendered":"<p>Unserer Bereitschaft stehen zur Durchf\u00fchrung unserer Aufgaben 2 Fahrzeuge zur Verf\u00fcgung: Mannschaftstransportfahrzeug (MTF) Rettungswagen (RTW) Bei Bedarf k\u00f6nnen wir noch auf weitere Fahrzeuge vom Kreisverband Altenkirchen zur\u00fcckgreifen. Bei gr\u00f6\u00dferen Veranstaltungen (Volksfeste, Karnevalsumz\u00fcge, usw&#8230;) helfen uns auch weitere DRK Ortsvereine\u00a0des Kreisverbandes Alktenkirchen personell und materiell aus.<\/p>\n","protected":false},"author":2,"featured_media":0,"parent":0,"menu_order":19,"comment_status":"closed","ping_status":"closed","template":"","meta":{"footnotes":""},"class_list":["post-52","page","type-page","status-publish","hentry"],"_links":{"self":[{"href":"http:\/\/www.drk-elkenroth.de\/index.php?rest_route=\/wp\/v2\/pages\/52"}],"collection":[{"href":"http:\/\/www.drk-elkenroth.de\/index.php?rest_route=\/wp\/v2\/pages"}],"about":[{"href":"http:\/\/www.drk-elkenroth.de\/index.php?rest_route=\/wp\/v2\/types\/page"}],"author":[{"embeddable":true,"href":"http:\/\/www.drk-elkenroth.de\/index.php?rest_route=\/wp\/v2\/users\/2"}],"replies":[{"embeddable":true,"href":"http:\/\/www.drk-elkenroth.de\/index.php?rest_route=%2Fwp%2Fv2%2Fcomments&post=52"}],"version-history":[{"count":3,"href":"http:\/\/www.drk-elkenroth.de\/index.php?rest_route=\/wp\/v2\/pages\/52\/revisions"}],"predecessor-version":[{"id":1177,"href":"http:\/\/www.drk-elkenroth.de\/index.php?rest_route=\/wp\/v2\/pages\/52\/revisions\/1177"}],"wp:attachment":[{"href":"http:\/\/www.drk-elkenroth.de\/index.php?rest_route=%2Fwp%2Fv2%2Fmedia&parent=52"}],"curies":[{"name":"wp","href":"https:\/\/api.w.org\/{rel}","templated":true}]}}