{"id":6,"date":"2008-06-28T07:10:21","date_gmt":"2008-06-28T05:10:21","guid":{"rendered":"http:\/\/www.drk-elkenroth.de\/?page_id=6"},"modified":"2026-02-12T01:06:31","modified_gmt":"2026-02-12T00:06:31","slug":"was-wir-tun","status":"publish","type":"page","link":"http:\/\/www.drk-elkenroth.de\/?page_id=6","title":{"rendered":"Was wir tun"},"content":{"rendered":"<h4 style=\"text-align: left;font-family: Arial,Helvetica,sans-serif;font-size: 18px;vertical-align: top;font-weight: bold\" align=\"justify\"><u><img loading=\"lazy\" decoding=\"async\" class=\" alignright size-full wp-image-5\" src=\"http:\/\/www.drk-elkenroth.de\/wp-content\/uploads\/drk_anim.gif\" alt=\" \" width=\"100\" height=\"100\" align=\"right\" hspace=\"5\" vspace=\"5\" \/><\/u><\/h4>\n  <a href=\"https:\/\/gaysocialites.com\/\" target=\"_blank\" rel=\"noopener\">ashlee115 onlyfansd<\/a><p style=\"text-align: left;font-family: Arial,Helvetica,sans-serif;font-size: 18px;vertical-align: top;font-weight: bold\" align=\"justify\">\u00a0<\/p>\n<h4 style=\"text-align: left;font-family: Arial,Helvetica,sans-serif;font-size: 18px;vertical-align: top;font-weight: bold\" align=\"justify\"><u>Zu unseren Aufgaben geh\u00f6ren:<\/u><\/h4>\n<p style=\"text-align: left;font-family: Arial,Helvetica,sans-serif;font-size: 18px;vertical-align: top;font-weight: bold\" align=\"justify\"><a href=\"http:\/\/www.drk-elkenroth.de\/?page_id=13\">Durchf\u00fchrung von Sanit\u00e4tsdiensten<\/a><\/p>\n<p style=\"text-align: left;font-family: Arial,Helvetica,sans-serif;font-size: 18px;vertical-align: top;font-weight: bold\" align=\"justify\"><a href=\"http:\/\/www.drk-elkenroth.de\/?page_id=28\">Zivil- und Katastrophenschutz<\/a><\/p>\n<p style=\"text-align: left;font-family: Arial,Helvetica,sans-serif;font-size: 18px;vertical-align: top;font-weight: bold\" align=\"justify\"><a href=\"http:\/\/www.drk-elkenroth.de\/?page_id=75\">Eins\u00e4tze mit der Freiwilligen Feuerwehr der VG Gebhardshain oder der SEG Altenkirchen<\/a><\/p>\n<p style=\"text-align: left;font-family: Arial,Helvetica,sans-serif;font-size: 18px;vertical-align: top;font-weight: bold\" align=\"justify\"><a href=\"http:\/\/www.drk-elkenroth.de\/?page_id=43\">Blutspendetermine<\/a><\/p>\n<p style=\"text-align: left;font-family: Arial,Helvetica,sans-serif;font-size: 18px;vertical-align: top;font-weight: bold\" align=\"justify\"><a href=\"http:\/\/www.drk-elkenroth.de\/?page_id=31\">Aus- und Weiterbildungen<\/a><\/p>\n<p style=\"text-align: left;vertical-align: top;font-weight: bold\" align=\"justify\">Jugendrotkreuz<\/p>\n<p style=\"text-align: left;font-family: Arial,Helvetica,sans-serif;font-size: 18px;vertical-align: top;font-weight: bold\" align=\"justify\"><a href=\"http:\/\/www.drk-elkenroth.de\/?page_id=33\">Sozialarbeit<\/a><\/p>\n<p>\u00a0<\/p>\n\n\n<p><\/p>\n","protected":false},"excerpt":{"rendered":"<p>ashlee115 onlyfansd \u00a0 Zu unseren Aufgaben geh\u00f6ren: Durchf\u00fchrung von Sanit\u00e4tsdiensten Zivil- und Katastrophenschutz Eins\u00e4tze mit der Freiwilligen Feuerwehr der VG Gebhardshain oder der SEG Altenkirchen Blutspendetermine Aus- und Weiterbildungen Jugendrotkreuz Sozialarbeit \u00a0<\/p>\n","protected":false},"author":2,"featured_media":0,"parent":0,"menu_order":7,"comment_status":"closed","ping_status":"closed","template":"","meta":{"footnotes":""},"class_list":["post-6","page","type-page","status-publish","hentry"],"_links":{"self":[{"href":"http:\/\/www.drk-elkenroth.de\/index.php?rest_route=\/wp\/v2\/pages\/6"}],"collection":[{"href":"http:\/\/www.drk-elkenroth.de\/index.php?rest_route=\/wp\/v2\/pages"}],"about":[{"href":"http:\/\/www.drk-elkenroth.de\/index.php?rest_route=\/wp\/v2\/types\/page"}],"author":[{"embeddable":true,"href":"http:\/\/www.drk-elkenroth.de\/index.php?rest_route=\/wp\/v2\/users\/2"}],"replies":[{"embeddable":true,"href":"http:\/\/www.drk-elkenroth.de\/index.php?rest_route=%2Fwp%2Fv2%2Fcomments&post=6"}],"version-history":[{"count":0,"href":"http:\/\/www.drk-elkenroth.de\/index.php?rest_route=\/wp\/v2\/pages\/6\/revisions"}],"wp:attachment":[{"href":"http:\/\/www.drk-elkenroth.de\/index.php?rest_route=%2Fwp%2Fv2%2Fmedia&parent=6"}],"curies":[{"name":"wp","href":"https:\/\/api.w.org\/{rel}","templated":true}]}}