{"id":85,"date":"2008-07-13T14:58:04","date_gmt":"2008-07-13T12:58:04","guid":{"rendered":"http:\/\/www.drk-elkenroth.de\/?page_id=85"},"modified":"2017-10-26T14:02:08","modified_gmt":"2017-10-26T12:02:08","slug":"aktives-mitglied","status":"publish","type":"page","link":"http:\/\/www.drk-elkenroth.de\/?page_id=85","title":{"rendered":"Aktives Mitglied"},"content":{"rendered":"<h4 align=\"justify\">\u00a0<img loading=\"lazy\" decoding=\"async\" class=\"alignnone wp-image-1310\" src=\"http:\/\/www.drk-elkenroth.de\/wp-content\/uploads\/Deutsches_Rotes_Team.jpg\" alt=\"\" width=\"600\" height=\"261\" srcset=\"http:\/\/www.drk-elkenroth.de\/wp-content\/uploads\/Deutsches_Rotes_Team.jpg 610w, http:\/\/www.drk-elkenroth.de\/wp-content\/uploads\/Deutsches_Rotes_Team-300x130.jpg 300w\" sizes=\"(max-width: 600px) 100vw, 600px\" \/><\/h4>\n<h3 align=\"justify\">Mach mit!<\/h3>\n<p align=\"justify\">Wenn Sie Interesse an den Aufgaben unserer DRK Bereitschaft haben und mindestens 16 Jahre alt sind, kommen Sie doch einfach mal bei uns vorbei. Sie finden uns in Elkenroth, Naurother Stra\u00dfe 23 (gemeinsames DRK- und Feuerwehrhaus). Der Eingang befindet sich an der linken Seitent\u00fcr.<\/p>\n<p align=\"justify\">Wir haben jeden Montag abend von 20:00 bis ca. 22:00 Uhr unseren Dienstabend, wo unsere Bereitschaftsmitglieder durch geschulte DRK-Ausbilder st\u00e4ndig aus- und fortgebildet werden.<\/p>\n<p align=\"justify\">Und da der erste Schritt immer der schwerste ist, machen wir es Ihnen ganz leicht: <a title=\"Unsere Ansprechpartner\" href=\"http:\/\/www.drk-elkenroth.de\/?page_id=19\">Rufen Sie doch einfach an<\/a> oder schicken Sie uns eine <a title=\"Mail an die Bereitschaftsleitung\" href=\"mailto:bereitschaftsleitung@drk-elkenroth.de\">E-Mail<\/a>. Wir setzen uns dann so schnell wie m\u00f6glich mit Ihnen in Verbindung.<\/p>\n<h3 align=\"center\">Wir w\u00fcrden uns freuen, wenn Sie bald zu uns geh\u00f6ren w\u00fcrden &#8211; wir brauchen Sie!<\/h3>\n<p><img loading=\"lazy\" decoding=\"async\" class=\"alignnone wp-image-1278\" src=\"http:\/\/www.drk-elkenroth.de\/wp-content\/uploads\/2016-10-09-DRK-Plakat.jpg\" alt=\"\" width=\"600\" height=\"400\" srcset=\"http:\/\/www.drk-elkenroth.de\/wp-content\/uploads\/2016-10-09-DRK-Plakat.jpg 1024w, http:\/\/www.drk-elkenroth.de\/wp-content\/uploads\/2016-10-09-DRK-Plakat-300x200.jpg 300w, http:\/\/www.drk-elkenroth.de\/wp-content\/uploads\/2016-10-09-DRK-Plakat-768x512.jpg 768w\" sizes=\"(max-width: 600px) 100vw, 600px\" \/><\/p>\n<p>&nbsp;<\/p>\n<p>&nbsp;<\/p>\n","protected":false},"excerpt":{"rendered":"<p>\u00a0 Mach mit! Wenn Sie Interesse an den Aufgaben unserer DRK Bereitschaft haben und mindestens 16 Jahre alt sind, kommen Sie doch einfach mal bei uns vorbei. Sie finden uns in Elkenroth, Naurother Stra\u00dfe 23 (gemeinsames DRK- und Feuerwehrhaus). Der Eingang befindet sich an der linken Seitent\u00fcr. Wir haben jeden<a href=\"http:\/\/www.drk-elkenroth.de\/?page_id=85\"><\/p>\n<p>mehr lesen&#8230;<\/a><\/p>\n","protected":false},"author":2,"featured_media":1278,"parent":0,"menu_order":24,"comment_status":"closed","ping_status":"closed","template":"","meta":{"footnotes":""},"class_list":["post-85","page","type-page","status-publish","has-post-thumbnail","hentry"],"_links":{"self":[{"href":"http:\/\/www.drk-elkenroth.de\/index.php?rest_route=\/wp\/v2\/pages\/85"}],"collection":[{"href":"http:\/\/www.drk-elkenroth.de\/index.php?rest_route=\/wp\/v2\/pages"}],"about":[{"href":"http:\/\/www.drk-elkenroth.de\/index.php?rest_route=\/wp\/v2\/types\/page"}],"author":[{"embeddable":true,"href":"http:\/\/www.drk-elkenroth.de\/index.php?rest_route=\/wp\/v2\/users\/2"}],"replies":[{"embeddable":true,"href":"http:\/\/www.drk-elkenroth.de\/index.php?rest_route=%2Fwp%2Fv2%2Fcomments&post=85"}],"version-history":[{"count":12,"href":"http:\/\/www.drk-elkenroth.de\/index.php?rest_route=\/wp\/v2\/pages\/85\/revisions"}],"predecessor-version":[{"id":1312,"href":"http:\/\/www.drk-elkenroth.de\/index.php?rest_route=\/wp\/v2\/pages\/85\/revisions\/1312"}],"wp:featuredmedia":[{"embeddable":true,"href":"http:\/\/www.drk-elkenroth.de\/index.php?rest_route=\/wp\/v2\/media\/1278"}],"wp:attachment":[{"href":"http:\/\/www.drk-elkenroth.de\/index.php?rest_route=%2Fwp%2Fv2%2Fmedia&parent=85"}],"curies":[{"name":"wp","href":"https:\/\/api.w.org\/{rel}","templated":true}]}}