{"id":94,"date":"2008-07-13T14:59:11","date_gmt":"2008-07-13T12:59:11","guid":{"rendered":"http:\/\/www.drk-elkenroth.de\/?page_id=94"},"modified":"2017-02-15T08:06:20","modified_gmt":"2017-02-15T07:06:20","slug":"foerdermitglied","status":"publish","type":"page","link":"http:\/\/www.drk-elkenroth.de\/?page_id=94","title":{"rendered":"F\u00f6rdermitglied"},"content":{"rendered":"<h4>Werden Sie F\u00f6rdermitglied!<\/h4>\n<p>Denn mit Ihrem Mitgliedsbeitrag k\u00f6nnen Sie uns helfen anderen zu helfen! Wenn Sie sich dazu entschlie\u00dfen, dem DRK als F\u00f6rdermitglied beizutreten, unterst\u00fctzen Sie nicht nur unseren Ortsverein, sondern genie\u00dfen au\u00dferdem noch folgende Vorteile:<\/p>\n<p class=\"bodytext\"><img loading=\"lazy\" decoding=\"async\" class=\" alignleft size-full wp-image-86\" title=\"Wir holen Sie zur\u00fcck!\" src=\"http:\/\/www.drk-elkenroth.de\/wp-content\/uploads\/drk-flugdienst.jpg\" alt=\" \" width=\"180\" height=\"180\" align=\"left\" hspace=\"5\" vspace=\"5\" srcset=\"http:\/\/www.drk-elkenroth.de\/wp-content\/uploads\/drk-flugdienst.jpg 180w, http:\/\/www.drk-elkenroth.de\/wp-content\/uploads\/drk-flugdienst-150x150.jpg 150w, http:\/\/www.drk-elkenroth.de\/wp-content\/uploads\/drk-flugdienst-144x144.jpg 144w\" sizes=\"(max-width: 180px) 100vw, 180px\" \/><\/p>\n<p class=\"bodytext\"><strong>Krank im Ausland? Wir holen Sie zur\u00fcck!<\/strong><\/p>\n<p class=\"bodytext\">Flugr\u00fcckholdienste aus dem Ausland sind in der Regel sehr teuer. Als Mitglied des Roten Kreuzes holen wir Sie in medizinischen Notf\u00e4llen kostenlos aus dem Ausland zur\u00fcck. Das gilt auch f\u00fcr Ihren Partner oder f\u00fcr Kinder, sofern Sie f\u00fcr sie noch Kindergeld beziehen.<\/p>\n<p>&nbsp;<\/p>\n<p>&nbsp;<\/p>\n<p>&nbsp;<\/p>\n<p><img loading=\"lazy\" decoding=\"async\" class=\" alignleft size-full wp-image-87\" title=\"Wir sind f\u00fcr Sie da!\" src=\"http:\/\/www.drk-elkenroth.de\/wp-content\/uploads\/drk-rueckholung.jpg\" alt=\" \" width=\"180\" height=\"180\" align=\"left\" hspace=\"5\" vspace=\"5\" srcset=\"http:\/\/www.drk-elkenroth.de\/wp-content\/uploads\/drk-rueckholung.jpg 180w, http:\/\/www.drk-elkenroth.de\/wp-content\/uploads\/drk-rueckholung-150x150.jpg 150w, http:\/\/www.drk-elkenroth.de\/wp-content\/uploads\/drk-rueckholung-144x144.jpg 144w\" sizes=\"(max-width: 180px) 100vw, 180px\" \/><strong>Krank in Deutschland? Wir holen Sie zur\u00fcck!<\/strong><\/p>\n<p><!-- Header: [end] --><!-- Text: [begin] -->Werden Sie in Deutschland krank oder haben einen Unfall, sind Sie mindestens 100 Kilometer von zu Hause entfernt? Dann holen wir Sie &#8211; Transportf\u00e4higkeit vorausgesetzt &#8211; einmal im Jahr kostenlos in das Krankenhaus an Ihrem Heimatort.<\/p>\n<p>&nbsp;<\/p>\n<p>&nbsp;<\/p>\n<p>&nbsp;<\/p>\n<p>&nbsp;<\/p>\n<p><img loading=\"lazy\" decoding=\"async\" class=\" alignleft size-full wp-image-88\" title=\"Erscheint alle 3 Monate: Das DRK Magazin\" src=\"http:\/\/www.drk-elkenroth.de\/wp-content\/uploads\/drk-magazin.jpg\" alt=\" \" width=\"180\" height=\"180\" align=\"left\" hspace=\"5\" vspace=\"5\" srcset=\"http:\/\/www.drk-elkenroth.de\/wp-content\/uploads\/drk-magazin.jpg 180w, http:\/\/www.drk-elkenroth.de\/wp-content\/uploads\/drk-magazin-150x150.jpg 150w, http:\/\/www.drk-elkenroth.de\/wp-content\/uploads\/drk-magazin-144x144.jpg 144w\" sizes=\"(max-width: 180px) 100vw, 180px\" \/><strong>Unser Mitgliedermagazin &#8211; Wichtiges alle drei Monate neu<\/strong><\/p>\n<p><!-- Header: [end] --><!-- Text: [begin] --><\/p>\n<p class=\"bodytext\">Alle drei Monate druckfrisch in Ihrem Briefkasten: Unser vierfarbiges &#8218;Magazin&#8216;, das Sie als Mitglied kostenlos erhalten. Darin sind alle Informationen\u00fcber die weltweiten und nationalen Aufgaben des Roten Kreuzes enthalten, aktuelle Berichte \u00fcber unsere Aktivit\u00e4ten und nat\u00fcrlich jede Menge Tipps und Tricks um das Thema Gesundheit.<\/p>\n<p>&nbsp;<\/p>\n<p>&nbsp;<\/p>\n<p>&nbsp;<\/p>\n<p>&nbsp;<\/p>\n<p class=\"bodytext\"><img loading=\"lazy\" decoding=\"async\" class=\" alignleft size-full wp-image-89\" title=\"DRK-Schl\u00fcsselschutz\" src=\"http:\/\/www.drk-elkenroth.de\/wp-content\/uploads\/drk-schluesselschutz.jpg\" alt=\" \" width=\"180\" height=\"180\" align=\"left\" hspace=\"5\" vspace=\"5\" srcset=\"http:\/\/www.drk-elkenroth.de\/wp-content\/uploads\/drk-schluesselschutz.jpg 180w, http:\/\/www.drk-elkenroth.de\/wp-content\/uploads\/drk-schluesselschutz-150x150.jpg 150w, http:\/\/www.drk-elkenroth.de\/wp-content\/uploads\/drk-schluesselschutz-144x144.jpg 144w\" sizes=\"(max-width: 180px) 100vw, 180px\" \/><strong>Der DRK-Schl\u00fcsselschutz &#8211; einfach und genial!<\/strong><\/p>\n<p class=\"bodytext\">Haben Sie schon mal Ihre Schl\u00fcssel verloren? Dann wissen Sie, wieviel \u00c4rger damit verbunden ist. Der Schl\u00fcsselschutz des Deutschen Roten Kreuzes kann Sie zuk\u00fcnftig vor solchen Unannehmlichkeiten bewahren. Die einfachsten Ideen sind meist die genialsten &#8211; das gilt auch f\u00fcr den Schl\u00fcsselschutz. Sie erhalten eine Schl\u00fcsselschutzplakette mit Ihrer pers\u00f6nlichen Nummer und unserer Adresse, die Sie nur noch am Schl\u00fcsselbund befestigen m\u00fcssen. Geht Ihnen der Schl\u00fcssel tats\u00e4chlich mal verloren, braucht der Finder ihn nur noch bei uns abzugeben. Wir identifizieren und benachrichtigen Sie sofort, und Sie k\u00f6nnen den Schl\u00fcssel dann abholen. Auf Wunsch schicken wir ihn nat\u00fcrlich auch zu.<\/p>\n<p class=\"bodytext\"><img loading=\"lazy\" decoding=\"async\" class=\" alignleft size-full wp-image-90\" title=\"EH-Kurs beim DRK\" src=\"http:\/\/www.drk-elkenroth.de\/wp-content\/uploads\/drk-eh-kurs.jpg\" alt=\" \" width=\"180\" height=\"148\" align=\"left\" hspace=\"5\" vspace=\"5\" \/><\/p>\n<p><strong>Erste-Hilfe Kurs<\/strong><\/p>\n<p>Sie haben die M\u00f6glichkeit, jedes Jahr kostenlos an einem 8-doppelst\u00fcndigen\u00a0Erste-Hilfe-Lehrgang teilzunehmen.<\/p>\n<p>&nbsp;<\/p>\n<p>&nbsp;<\/p>\n<p>&nbsp;<\/p>\n<hr \/>\n<table border=\"0\">\n<tbody>\n<tr>\n<td>Wenn Sie sich als Mitglied in die gro\u00dfe Rotkreuzgemeinschaft einreihen wollen,<br \/>\nwenden Sie sich bitte an den <a title=\"Werden Sie F\u00f6rdermitglied!\" href=\"http:\/\/www.kvaltenkirchen.drk.de\/mitglieder\/foerdermitgliedschaft.htm\" target=\"_blank\"><u><span style=\"color: #810081;\">DRK Kreisverband Altenkirchen e. V.<\/span><\/u><\/a><\/td>\n<\/tr>\n<\/tbody>\n<\/table>\n<p>&nbsp;<\/p>\n<p>Die Beitrittserkl\u00e4rung finden Sie hier:<\/p>\n<table border=\"1\">\n<tbody>\n<tr>\n<td>Beitrittserkl\u00e4rung (F\u00f6rdermitgliedschaft)<\/td>\n<td><a href=\"http:\/\/www.drk-elkenroth.de\/wp-content\/uploads\/drk-beitritt.doc\" target=\"_blank\"><img loading=\"lazy\" decoding=\"async\" class=\" size-full wp-image-9\" title=\"Beitrittserkl\u00e4rung (Word-Formular) zum ausf\u00fcllen am PC\" src=\"http:\/\/www.drk-elkenroth.de\/wp-content\/uploads\/symbol-word.gif\" alt=\" \" width=\"40\" height=\"40\" hspace=\"2\" vspace=\"2\" \/><\/a><\/td>\n<td><a href=\"http:\/\/www.drk-elkenroth.de\/wp-content\/uploads\/drk-beitritt-pdf.pdf\" target=\"_blank\"><img loading=\"lazy\" decoding=\"async\" class=\" size-full wp-image-11\" title=\"Beitrittserkl\u00e4rung (PDF) zum ausdrucken und handschriftlichem ausf\u00fcllen\" src=\"http:\/\/www.drk-elkenroth.de\/wp-content\/uploads\/symbol-pdf.gif\" alt=\" \" width=\"40\" height=\"40\" hspace=\"2\" vspace=\"2\" \/><\/a><\/td>\n<\/tr>\n<\/tbody>\n<\/table>\n<p>Die ausgef\u00fcllte Beitrittserkl\u00e4rung senden Sie bitte\u00a0direkt an den DRK Kreis-<br \/>\nverband\u00a0Altenkirchen. Die Mitgliedschaft kann jederzeit schriftlich gek\u00fcndigt<br \/>\nwerden. Mitgliederbeitr\u00e4ge\u00a0sind steuerlich absetzbar.<\/p>\n<p><img loading=\"lazy\" decoding=\"async\" class=\" alignright size-full wp-image-91\" title=\"Frau Albers-Hensellek\" src=\"http:\/\/www.drk-elkenroth.de\/wp-content\/uploads\/albers-hensellek.jpg\" alt=\" \" width=\"100\" height=\"136\" align=\"right\" hspace=\"2\" vspace=\"2\" \/>Anna-Therese Albers-Hensellek<\/p>\n<p>Telefon: 02681\/8006-34<br \/>\nTelefax: 02681\/8006-60<br \/>\n<a title=\"E-Mail an Frau Albers-Hensellek\" href=\"mailto:albers@kvaltenkirchen.drk.de\">E-Mail<\/a><\/p>\n<p>DRK Kreisverband Altenkirchen e. V.<br \/>\nK\u00f6lner Stra\u00dfe 97<br \/>\n57610 Altenkirchen<\/p>\n<p>&nbsp;<\/p>\n<p>&nbsp;<\/p>\n<p>&nbsp;<\/p>\n<p>&nbsp;<\/p>\n","protected":false},"excerpt":{"rendered":"<p>Werden Sie F\u00f6rdermitglied! Denn mit Ihrem Mitgliedsbeitrag k\u00f6nnen Sie uns helfen anderen zu helfen! Wenn Sie sich dazu entschlie\u00dfen, dem DRK als F\u00f6rdermitglied beizutreten, unterst\u00fctzen Sie nicht nur unseren Ortsverein, sondern genie\u00dfen au\u00dferdem noch folgende Vorteile: Krank im Ausland? Wir holen Sie zur\u00fcck! Flugr\u00fcckholdienste aus dem Ausland sind in der<a href=\"http:\/\/www.drk-elkenroth.de\/?page_id=94\"><\/p>\n<p>mehr lesen&#8230;<\/a><\/p>\n","protected":false},"author":2,"featured_media":86,"parent":0,"menu_order":25,"comment_status":"closed","ping_status":"closed","template":"","meta":{"footnotes":""},"class_list":["post-94","page","type-page","status-publish","has-post-thumbnail","hentry"],"_links":{"self":[{"href":"http:\/\/www.drk-elkenroth.de\/index.php?rest_route=\/wp\/v2\/pages\/94"}],"collection":[{"href":"http:\/\/www.drk-elkenroth.de\/index.php?rest_route=\/wp\/v2\/pages"}],"about":[{"href":"http:\/\/www.drk-elkenroth.de\/index.php?rest_route=\/wp\/v2\/types\/page"}],"author":[{"embeddable":true,"href":"http:\/\/www.drk-elkenroth.de\/index.php?rest_route=\/wp\/v2\/users\/2"}],"replies":[{"embeddable":true,"href":"http:\/\/www.drk-elkenroth.de\/index.php?rest_route=%2Fwp%2Fv2%2Fcomments&post=94"}],"version-history":[{"count":5,"href":"http:\/\/www.drk-elkenroth.de\/index.php?rest_route=\/wp\/v2\/pages\/94\/revisions"}],"predecessor-version":[{"id":1079,"href":"http:\/\/www.drk-elkenroth.de\/index.php?rest_route=\/wp\/v2\/pages\/94\/revisions\/1079"}],"wp:featuredmedia":[{"embeddable":true,"href":"http:\/\/www.drk-elkenroth.de\/index.php?rest_route=\/wp\/v2\/media\/86"}],"wp:attachment":[{"href":"http:\/\/www.drk-elkenroth.de\/index.php?rest_route=%2Fwp%2Fv2%2Fmedia&parent=94"}],"curies":[{"name":"wp","href":"https:\/\/api.w.org\/{rel}","templated":true}]}}